{"id":10,"date":"2013-11-07T00:55:23","date_gmt":"2013-11-07T00:55:23","guid":{"rendered":"http:\/\/hagamusikochmedia.se\/?page_id=10"},"modified":"2024-11-29T09:37:59","modified_gmt":"2024-11-29T09:37:59","slug":"valkommen","status":"publish","type":"page","link":"https:\/\/hagamusikochmedia.se\/","title":{"rendered":"V\u00e4lkommen"},"content":{"rendered":"<blockquote><p>Haga Musik och Media erbjuder tj\u00e4nster inom f\u00f6ljande omr\u00e5den<\/p><\/blockquote>\n<p><strong>Utrustning<\/strong><br \/>\n\u2022 Uthyrning av ljudutrustning, PA, ljus och backline<br \/>\n\u2022 Installation av ljud och bild anl\u00e4ggningar, reparation av dito och musik elektronik\/pro-audio.<br \/>\n\u2022 Scen- och turn\u00e9produktion<\/p>\n<p><strong>Ljudinspelning<\/strong><br \/>\n\u2022 Ljudstudio f\u00f6r digitalinspelning av ljud\/musik, allt fr\u00e5n tal till musikorkestrar<br \/>\n\u2022 Ljudinspelning \u201dlive\u201d med portabel utrusning<br \/>\n\u2022 Produktion av musik, jinglar mm<br \/>\n\u2022 Ljudl\u00e4ggning av film<\/p>\n<p><strong>Filmproduktion<\/strong><br \/>\n\u2022 Filmupptagning av liveframtr\u00e4danden, musik, teater, musikal, revy och f\u00f6rel\u00e4sningar<br \/>\n\u2022 Produktion av musikvideo<br \/>\n\u2022 Videofilmning, redigering och bearbetning<br \/>\n\u2022 Film f\u00f6r reklam och marknadsf\u00f6ring<br \/>\n\u2022 Br\u00f6llopsfilm eller andra minnesv\u00e4rda h\u00e4ndelser<\/p>\n<p><strong>Foto<\/strong><br \/>\n\u2022 Fotografering<br \/>\n\u2022 Bildredigering<\/p>\n<p><strong>Web-Multimedia produktion<\/strong><br \/>\n\u2022 Digital bildbehandling<br \/>\n\u2022 Produktion av databasbaserade webbsajter<br \/>\n\u2022 Installation, service och konsult<\/p>\n<p><strong>Trycksaker<\/strong><br \/>\n\u2022 Framst\u00e4llande av trycksaksoriginal; brochyrer, annonser, manualer, kurslitteratur<\/p>\n<p><strong>L\u00e4romedel<\/strong><br \/>\n\u2022 Produktion av l\u00e4romedel; trycksaker, video och E-learning inom omr\u00e5derna f\u00f6r verksamheten eller efter manus<\/p>\n<p><strong>Underh\u00e5llning<\/strong><br \/>\n\u2022 Musikunderh\u00e5llning, trubadur, coverband etc.<br \/>\n\u2022 Musik p\u00e5 br\u00f6llop, dop, begravning etc.<\/p>\n<p><strong>Notskrift<\/strong><br \/>\n\u2022 Renskrivning av noter, arrangemang, partitur f\u00f6r tryck<br \/>\n\u2022 Transkription<\/p>\n","protected":false},"excerpt":{"rendered":"<p>Haga Musik och Media erbjuder tj\u00e4nster inom f\u00f6ljande omr\u00e5den Utrustning \u2022 Uthyrning av ljudutrustning, PA, ljus och backline \u2022 Installation av ljud och bild anl\u00e4ggningar, reparation av dito och musik elektronik\/pro-audio. \u2022 Scen- och turn\u00e9produktion Ljudinspelning \u2022 Ljudstudio f\u00f6r digitalinspelning av ljud\/musik, allt fr\u00e5n tal till musikorkestrar \u2022 Ljudinspelning \u201dlive\u201d med portabel utrusning \u2022 Produktion &hellip; <a href=\"https:\/\/hagamusikochmedia.se\/\" class=\"more-link\">Forts\u00e4tt l\u00e4sa <span class=\"screen-reader-text\">V\u00e4lkommen<\/span> <span class=\"meta-nav\">&rarr;<\/span><\/a><\/p>\n","protected":false},"author":1,"featured_media":0,"parent":0,"menu_order":0,"comment_status":"closed","ping_status":"closed","template":"","meta":{"footnotes":""},"class_list":["post-10","page","type-page","status-publish","hentry"],"_links":{"self":[{"href":"https:\/\/hagamusikochmedia.se\/index.php?rest_route=\/wp\/v2\/pages\/10","targetHints":{"allow":["GET"]}}],"collection":[{"href":"https:\/\/hagamusikochmedia.se\/index.php?rest_route=\/wp\/v2\/pages"}],"about":[{"href":"https:\/\/hagamusikochmedia.se\/index.php?rest_route=\/wp\/v2\/types\/page"}],"author":[{"embeddable":true,"href":"https:\/\/hagamusikochmedia.se\/index.php?rest_route=\/wp\/v2\/users\/1"}],"replies":[{"embeddable":true,"href":"https:\/\/hagamusikochmedia.se\/index.php?rest_route=%2Fwp%2Fv2%2Fcomments&post=10"}],"version-history":[{"count":8,"href":"https:\/\/hagamusikochmedia.se\/index.php?rest_route=\/wp\/v2\/pages\/10\/revisions"}],"predecessor-version":[{"id":294,"href":"https:\/\/hagamusikochmedia.se\/index.php?rest_route=\/wp\/v2\/pages\/10\/revisions\/294"}],"wp:attachment":[{"href":"https:\/\/hagamusikochmedia.se\/index.php?rest_route=%2Fwp%2Fv2%2Fmedia&parent=10"}],"curies":[{"name":"wp","href":"https:\/\/api.w.org\/{rel}","templated":true}]}}