{"id":116,"date":"2014-03-25T22:35:15","date_gmt":"2014-03-25T22:35:15","guid":{"rendered":"http:\/\/hagamusikochmedia.se\/?page_id=116"},"modified":"2014-03-25T22:35:15","modified_gmt":"2014-03-25T22:35:15","slug":"bk-audio-gx-15","status":"publish","type":"page","link":"https:\/\/hagamusikochmedia.se\/?page_id=116","title":{"rendered":"BK-Audio GX-15"},"content":{"rendered":"<blockquote><p>PA-rigg<\/p><\/blockquote>\n<p><a href=\"http:\/\/events.xn--teambck-9wa.se\/wp-content\/uploads\/2013\/11\/pa-bk-GX15_whiteBG.png\"><a href=\"https:\/\/hagamusikochmedia.se\/wp-content\/uploads\/2014\/01\/pa-bk-GX15_b600.png\"><img loading=\"lazy\" decoding=\"async\" class=\"alignnone size-full wp-image-111\" alt=\"pa-bk-GX15_b600\" src=\"https:\/\/hagamusikochmedia.se\/wp-content\/uploads\/2014\/01\/pa-bk-GX15_b600.png\" width=\"600\" height=\"633\" srcset=\"https:\/\/hagamusikochmedia.se\/wp-content\/uploads\/2014\/01\/pa-bk-GX15_b600.png 600w, https:\/\/hagamusikochmedia.se\/wp-content\/uploads\/2014\/01\/pa-bk-GX15_b600-284x300.png 284w\" sizes=\"auto, (max-width: 600px) 100vw, 600px\" \/><\/a><\/a><\/p>\n<p>&#8211; Tv\u00e5 satelliter med 8\u201d h\u00f6gtalare och 3\/4\u201d tweeter<br \/>\n&#8211; 500 w digitalsteg f\u00f6r 15\u201d sub<br \/>\n&#8211; 2x150w f\u00f6r satelliterna<br \/>\n&#8211; Volym f\u00f6r sub<br \/>\n&#8211; Speakonutg\u00e5ngar<br \/>\n&#8211; M20 f\u00e4ste f\u00f6r distansstag<br \/>\n&#8211; Total systemvikt: 53kg<br \/>\n&#8211; Allison-Fox element<\/p>\n<p>&#8211; Livemusik<br \/>\n&#8211; DJ\u00b4s<br \/>\n&#8211; Presentationer<br \/>\n&#8211; Skolor<br \/>\n&#8211; Restauranger<br \/>\n&#8211; Gym<br \/>\n&#8211; Hotell<\/p>\n<p><a href=\"http:\/\/www.bkaudio.se\/se\/produkter\/system\/galaxius-system-3966777\" target=\"_blank\"><a href=\"https:\/\/hagamusikochmedia.se\/wp-content\/uploads\/2014\/03\/bk-banner-dealer_1.jpg\"><img loading=\"lazy\" decoding=\"async\" class=\"alignnone  wp-image-117\" alt=\"bk-banner-dealer_1\" src=\"https:\/\/hagamusikochmedia.se\/wp-content\/uploads\/2014\/03\/bk-banner-dealer_1-300x79.jpg\" width=\"180\" height=\"47\" srcset=\"https:\/\/hagamusikochmedia.se\/wp-content\/uploads\/2014\/03\/bk-banner-dealer_1-300x79.jpg 300w, https:\/\/hagamusikochmedia.se\/wp-content\/uploads\/2014\/03\/bk-banner-dealer_1.jpg 900w\" sizes=\"auto, (max-width: 180px) 100vw, 180px\" \/><\/a><\/a><\/p>\n","protected":false},"excerpt":{"rendered":"<p>PA-rigg &#8211; Tv\u00e5 satelliter med 8\u201d h\u00f6gtalare och 3\/4\u201d tweeter &#8211; 500 w digitalsteg f\u00f6r 15\u201d sub &#8211; 2x150w f\u00f6r satelliterna &#8211; Volym f\u00f6r sub &#8211; Speakonutg\u00e5ngar &#8211; M20 f\u00e4ste f\u00f6r distansstag &#8211; Total systemvikt: 53kg &#8211; Allison-Fox element &#8211; Livemusik &#8211; DJ\u00b4s &#8211; Presentationer &#8211; Skolor &#8211; Restauranger &#8211; Gym &#8211; Hotell<\/p>\n","protected":false},"author":1,"featured_media":0,"parent":0,"menu_order":0,"comment_status":"closed","ping_status":"closed","template":"","meta":{"footnotes":""},"class_list":["post-116","page","type-page","status-publish","hentry"],"_links":{"self":[{"href":"https:\/\/hagamusikochmedia.se\/index.php?rest_route=\/wp\/v2\/pages\/116","targetHints":{"allow":["GET"]}}],"collection":[{"href":"https:\/\/hagamusikochmedia.se\/index.php?rest_route=\/wp\/v2\/pages"}],"about":[{"href":"https:\/\/hagamusikochmedia.se\/index.php?rest_route=\/wp\/v2\/types\/page"}],"author":[{"embeddable":true,"href":"https:\/\/hagamusikochmedia.se\/index.php?rest_route=\/wp\/v2\/users\/1"}],"replies":[{"embeddable":true,"href":"https:\/\/hagamusikochmedia.se\/index.php?rest_route=%2Fwp%2Fv2%2Fcomments&post=116"}],"version-history":[{"count":1,"href":"https:\/\/hagamusikochmedia.se\/index.php?rest_route=\/wp\/v2\/pages\/116\/revisions"}],"predecessor-version":[{"id":118,"href":"https:\/\/hagamusikochmedia.se\/index.php?rest_route=\/wp\/v2\/pages\/116\/revisions\/118"}],"wp:attachment":[{"href":"https:\/\/hagamusikochmedia.se\/index.php?rest_route=%2Fwp%2Fv2%2Fmedia&parent=116"}],"curies":[{"name":"wp","href":"https:\/\/api.w.org\/{rel}","templated":true}]}}