{"id":126,"date":"2014-04-30T22:19:12","date_gmt":"2014-04-30T22:19:12","guid":{"rendered":"http:\/\/hagamusikochmedia.se\/?page_id=126"},"modified":"2015-09-27T21:59:35","modified_gmt":"2015-09-27T21:59:35","slug":"verkstad","status":"publish","type":"page","link":"https:\/\/hagamusikochmedia.se\/?page_id=126","title":{"rendered":"Verkstad &#8211; Service &#8211; Installation"},"content":{"rendered":"<p>Haga Musik och Media har l\u00e5ng och bred kompetens av reparationer av s\u00e5v\u00e4l hemelektronik som service och installation av professionell \u00a0ljudutrustning.<\/p>\n<p>Med tiden och dagens snabba teknikutveckling kr\u00e4vs specialutrustning f\u00f6r de flesta reparationer och d\u00e4rmed begr\u00e4nsas vissa \u00e5taganden till viss del.<\/p>\n<p>Beh\u00f6ver du hj\u00e4lp med reparation eller installation?<br \/>\nVar inte r\u00e4dd att ta kontakt med verkstaden f\u00f6r att kolla m\u00f6jligheten till service.<br \/>\nRing Uffe p\u00e5 073-716 56 10 eller Studion 026-19 75 52<\/p>\n<p><a href=\"https:\/\/hagamusikochmedia.se\/wp-content\/uploads\/2014\/04\/gitarrst\u00e4rkare-reparation.jpg\"><img loading=\"lazy\" decoding=\"async\" class=\"alignnone wp-image-248 size-full\" src=\"https:\/\/hagamusikochmedia.se\/wp-content\/uploads\/2014\/04\/gitarrst\u00e4rkare-reparation.jpg\" alt=\"gitarrst\u00e4rkare-reparation\" width=\"720\" height=\"768\" srcset=\"https:\/\/hagamusikochmedia.se\/wp-content\/uploads\/2014\/04\/gitarrst\u00e4rkare-reparation.jpg 720w, https:\/\/hagamusikochmedia.se\/wp-content\/uploads\/2014\/04\/gitarrst\u00e4rkare-reparation-281x300.jpg 281w\" sizes=\"auto, (max-width: 720px) 100vw, 720px\" \/><\/a><a href=\"https:\/\/hagamusikochmedia.se\/wp-content\/uploads\/2014\/04\/Verkstadsb\u00e4nk2.png\"><br \/>\n<\/a><a href=\"https:\/\/hagamusikochmedia.se\/wp-content\/uploads\/2014\/04\/Verkstadsb\u00e4nk2.png\" target=\"_blank\"><img loading=\"lazy\" decoding=\"async\" class=\"alignnone wp-image-131 size-large\" src=\"https:\/\/hagamusikochmedia.se\/wp-content\/uploads\/2014\/04\/Verkstadsb\u00e4nk2-1024x768.png\" alt=\"Verkstadsb\u00e4nk2\" width=\"604\" height=\"453\" srcset=\"https:\/\/hagamusikochmedia.se\/wp-content\/uploads\/2014\/04\/Verkstadsb\u00e4nk2-1024x768.png 1024w, https:\/\/hagamusikochmedia.se\/wp-content\/uploads\/2014\/04\/Verkstadsb\u00e4nk2-300x225.png 300w, https:\/\/hagamusikochmedia.se\/wp-content\/uploads\/2014\/04\/Verkstadsb\u00e4nk2.png 1920w\" sizes=\"auto, (max-width: 604px) 100vw, 604px\" \/><\/a><a href=\"https:\/\/hagamusikochmedia.se\/wp-content\/uploads\/2014\/04\/Elpiano-reparation-1.png\" target=\"_blank\"><img loading=\"lazy\" decoding=\"async\" class=\"alignnone wp-image-129 size-full\" src=\"https:\/\/hagamusikochmedia.se\/wp-content\/uploads\/2014\/04\/Elpiano-reparation-1.png\" alt=\"Elpiano-reparation-1\" width=\"810\" height=\"1080\" srcset=\"https:\/\/hagamusikochmedia.se\/wp-content\/uploads\/2014\/04\/Elpiano-reparation-1.png 810w, https:\/\/hagamusikochmedia.se\/wp-content\/uploads\/2014\/04\/Elpiano-reparation-1-225x300.png 225w, https:\/\/hagamusikochmedia.se\/wp-content\/uploads\/2014\/04\/Elpiano-reparation-1-768x1024.png 768w\" sizes=\"auto, (max-width: 810px) 100vw, 810px\" \/><\/a>\u00a0 \u00a0 \u00a0 \u00a0\u00a0<a href=\"https:\/\/hagamusikochmedia.se\/wp-content\/uploads\/2014\/04\/Reparation-elektronik-1.png\" target=\"_blank\"><img loading=\"lazy\" decoding=\"async\" class=\"alignnone wp-image-130 size-full\" src=\"https:\/\/hagamusikochmedia.se\/wp-content\/uploads\/2014\/04\/Reparation-elektronik-1.png\" alt=\"Reparation-elektronik-1\" width=\"810\" height=\"1080\" srcset=\"https:\/\/hagamusikochmedia.se\/wp-content\/uploads\/2014\/04\/Reparation-elektronik-1.png 810w, https:\/\/hagamusikochmedia.se\/wp-content\/uploads\/2014\/04\/Reparation-elektronik-1-225x300.png 225w, https:\/\/hagamusikochmedia.se\/wp-content\/uploads\/2014\/04\/Reparation-elektronik-1-768x1024.png 768w\" sizes=\"auto, (max-width: 810px) 100vw, 810px\" \/><\/a><\/p>\n","protected":false},"excerpt":{"rendered":"<p>Haga Musik och Media har l\u00e5ng och bred kompetens av reparationer av s\u00e5v\u00e4l hemelektronik som service och installation av professionell \u00a0ljudutrustning. Med tiden och dagens snabba teknikutveckling kr\u00e4vs specialutrustning f\u00f6r de flesta reparationer och d\u00e4rmed begr\u00e4nsas vissa \u00e5taganden till viss del. Beh\u00f6ver du hj\u00e4lp med reparation eller installation? Var inte r\u00e4dd att ta kontakt med &hellip; <a href=\"https:\/\/hagamusikochmedia.se\/?page_id=126\" class=\"more-link\">Forts\u00e4tt l\u00e4sa <span class=\"screen-reader-text\">Verkstad &#8211; Service &#8211; Installation<\/span> <span class=\"meta-nav\">&rarr;<\/span><\/a><\/p>\n","protected":false},"author":1,"featured_media":0,"parent":0,"menu_order":0,"comment_status":"closed","ping_status":"closed","template":"","meta":{"footnotes":""},"class_list":["post-126","page","type-page","status-publish","hentry"],"_links":{"self":[{"href":"https:\/\/hagamusikochmedia.se\/index.php?rest_route=\/wp\/v2\/pages\/126","targetHints":{"allow":["GET"]}}],"collection":[{"href":"https:\/\/hagamusikochmedia.se\/index.php?rest_route=\/wp\/v2\/pages"}],"about":[{"href":"https:\/\/hagamusikochmedia.se\/index.php?rest_route=\/wp\/v2\/types\/page"}],"author":[{"embeddable":true,"href":"https:\/\/hagamusikochmedia.se\/index.php?rest_route=\/wp\/v2\/users\/1"}],"replies":[{"embeddable":true,"href":"https:\/\/hagamusikochmedia.se\/index.php?rest_route=%2Fwp%2Fv2%2Fcomments&post=126"}],"version-history":[{"count":6,"href":"https:\/\/hagamusikochmedia.se\/index.php?rest_route=\/wp\/v2\/pages\/126\/revisions"}],"predecessor-version":[{"id":249,"href":"https:\/\/hagamusikochmedia.se\/index.php?rest_route=\/wp\/v2\/pages\/126\/revisions\/249"}],"wp:attachment":[{"href":"https:\/\/hagamusikochmedia.se\/index.php?rest_route=%2Fwp%2Fv2%2Fmedia&parent=126"}],"curies":[{"name":"wp","href":"https:\/\/api.w.org\/{rel}","templated":true}]}}