{"id":15,"date":"2013-11-07T01:08:32","date_gmt":"2013-11-07T01:08:32","guid":{"rendered":"http:\/\/hagamusikochmedia.se\/?page_id=15"},"modified":"2016-03-04T00:19:22","modified_gmt":"2016-03-04T00:19:22","slug":"medier","status":"publish","type":"page","link":"https:\/\/hagamusikochmedia.se\/?page_id=15","title":{"rendered":"Kontakt"},"content":{"rendered":"<blockquote><p>Haga Musik och Media<\/p><\/blockquote>\n<p><strong>Ulf Westberg<\/strong><br \/>\nPers Backe 4<br \/>\n806 28 G\u00e4vle<\/p>\n<p>info@hagamusikochmedia.se<br \/>\nTel. +46 (0)73 7165610<br \/>\nOrganisationsnummer: 650626-7597<br \/>\nGodk\u00e4nd f\u00f6r F-skattsedel<\/p>\n<blockquote><p>Sociala medier<\/p><\/blockquote>\n<table>\n<tbody>\n<tr>\n<td><a href=\"http:\/\/www.youtube.com\/user\/hagamm\/videos?view=0&amp;sort=dd&amp;flow=list\" target=\"_blank\"><img loading=\"lazy\" decoding=\"async\" class=\"alignnone size-medium wp-image-18\" src=\"https:\/\/hagamusikochmedia.se\/wp-content\/uploads\/2013\/11\/icon53-youtube.png\" alt=\"icon53-youtube\" width=\"53\" height=\"53\" \/><br \/>\nYouTube<\/a><\/td>\n<td><a href=\"http:\/\/se.linkedin.com\/pub\/ulf-westberg\/65\/11b\/615\" target=\"_blank\"><img loading=\"lazy\" decoding=\"async\" src=\"https:\/\/hagamusikochmedia.se\/wp-content\/uploads\/2013\/11\/icon53-in.png\" alt=\"icon53-in\" width=\"53\" height=\"53\" \/><br \/>\nLinkedIn<\/a><\/td>\n<td><a href=\"https:\/\/www.facebook.com\/pages\/Haga-Musik-och-Media\/79852437939?ref=hl\" target=\"_blank\"><img loading=\"lazy\" decoding=\"async\" src=\"https:\/\/hagamusikochmedia.se\/wp-content\/uploads\/2013\/11\/icon53-fb.png\" alt=\"icon53-fb\" width=\"53\" height=\"53\" \/><br \/>\nFacebook<\/a><\/td>\n<td><\/td>\n<td><\/td>\n<td><\/td>\n<td><\/td>\n<td><\/td>\n<td><\/td>\n<\/tr>\n<\/tbody>\n<\/table>\n","protected":false},"excerpt":{"rendered":"<p>Haga Musik och Media Ulf Westberg Pers Backe 4 806 28 G\u00e4vle info@hagamusikochmedia.se Tel. +46 (0)73 7165610 Organisationsnummer: 650626-7597 Godk\u00e4nd f\u00f6r F-skattsedel Sociala medier YouTube LinkedIn Facebook<\/p>\n","protected":false},"author":1,"featured_media":0,"parent":0,"menu_order":0,"comment_status":"closed","ping_status":"closed","template":"","meta":{"footnotes":""},"class_list":["post-15","page","type-page","status-publish","hentry"],"_links":{"self":[{"href":"https:\/\/hagamusikochmedia.se\/index.php?rest_route=\/wp\/v2\/pages\/15","targetHints":{"allow":["GET"]}}],"collection":[{"href":"https:\/\/hagamusikochmedia.se\/index.php?rest_route=\/wp\/v2\/pages"}],"about":[{"href":"https:\/\/hagamusikochmedia.se\/index.php?rest_route=\/wp\/v2\/types\/page"}],"author":[{"embeddable":true,"href":"https:\/\/hagamusikochmedia.se\/index.php?rest_route=\/wp\/v2\/users\/1"}],"replies":[{"embeddable":true,"href":"https:\/\/hagamusikochmedia.se\/index.php?rest_route=%2Fwp%2Fv2%2Fcomments&post=15"}],"version-history":[{"count":6,"href":"https:\/\/hagamusikochmedia.se\/index.php?rest_route=\/wp\/v2\/pages\/15\/revisions"}],"predecessor-version":[{"id":254,"href":"https:\/\/hagamusikochmedia.se\/index.php?rest_route=\/wp\/v2\/pages\/15\/revisions\/254"}],"wp:attachment":[{"href":"https:\/\/hagamusikochmedia.se\/index.php?rest_route=%2Fwp%2Fv2%2Fmedia&parent=15"}],"curies":[{"name":"wp","href":"https:\/\/api.w.org\/{rel}","templated":true}]}}