{"id":170,"date":"2014-05-06T22:26:40","date_gmt":"2014-05-06T22:26:40","guid":{"rendered":"http:\/\/hagamusikochmedia.se\/?page_id=170"},"modified":"2014-05-06T23:32:42","modified_gmt":"2014-05-06T23:32:42","slug":"rackcasar-i-plast","status":"publish","type":"page","link":"https:\/\/hagamusikochmedia.se\/?page_id=170","title":{"rendered":"Rackcasar i plast"},"content":{"rendered":"<p>Tillverkade av strykt\u00e5lig plast.<br \/>\n\u00d6ppningsbara lock b\u00e5de fram och bak.<br \/>\nPerfekt till l\u00e4ttare utrustning.<br \/>\nM\u00e5tt: 235 + 545 + 570mm<br \/>\nMonteringsdjup 420mm<br \/>\nMax montering inkl lock 540mm<\/p>\n<hr \/>\n<p>2HE<br \/>\nPris: \u00a0890 kr<br \/>\n<a href=\"https:\/\/hagamusikochmedia.se\/wp-content\/uploads\/2014\/05\/HMTL-28020-2HE.jpg\" target=\"_blank\"><br \/>\n<\/a><a href=\"https:\/\/hagamusikochmedia.se\/?attachment_id=171\" target=\"_blank\"><img loading=\"lazy\" decoding=\"async\" class=\"alignnone wp-image-171\" src=\"https:\/\/hagamusikochmedia.se\/wp-content\/uploads\/2014\/05\/HMTL-28020-2HE-300x209.jpg\" alt=\"HMTL-28020-2HE\" width=\"200\" height=\"140\" srcset=\"https:\/\/hagamusikochmedia.se\/wp-content\/uploads\/2014\/05\/HMTL-28020-2HE-300x209.jpg 300w, https:\/\/hagamusikochmedia.se\/wp-content\/uploads\/2014\/05\/HMTL-28020-2HE.jpg 536w\" sizes=\"auto, (max-width: 200px) 100vw, 200px\" \/><\/a><\/p>\n<hr \/>\n<p><span style=\"line-height: 1.5;\">4HE<br \/>\nPris: \u00a0985 kr<\/span><\/p>\n<p><a href=\"https:\/\/hagamusikochmedia.se\/?attachment_id=172\" target=\"_blank\"><img loading=\"lazy\" decoding=\"async\" class=\"alignnone wp-image-172\" src=\"https:\/\/hagamusikochmedia.se\/wp-content\/uploads\/2014\/05\/HMTL-28021-4HE-300x250.jpg\" alt=\"HMTL-28021-4HE\" width=\"200\" height=\"167\" srcset=\"https:\/\/hagamusikochmedia.se\/wp-content\/uploads\/2014\/05\/HMTL-28021-4HE-300x250.jpg 300w, https:\/\/hagamusikochmedia.se\/wp-content\/uploads\/2014\/05\/HMTL-28021-4HE.jpg 515w\" sizes=\"auto, (max-width: 200px) 100vw, 200px\" \/><\/a><\/p>\n<hr \/>\n<p>6HE<br \/>\nPris:\u00a01.120 kr<br \/>\n<a href=\"https:\/\/hagamusikochmedia.se\/?attachment_id=173\" target=\"_blank\"><img loading=\"lazy\" decoding=\"async\" class=\"alignnone wp-image-173\" src=\"https:\/\/hagamusikochmedia.se\/wp-content\/uploads\/2014\/05\/HMTL-28022-6HE-300x216.jpg\" alt=\"HMTL-28022-6HE\" width=\"200\" height=\"144\" srcset=\"https:\/\/hagamusikochmedia.se\/wp-content\/uploads\/2014\/05\/HMTL-28022-6HE-300x216.jpg 300w, https:\/\/hagamusikochmedia.se\/wp-content\/uploads\/2014\/05\/HMTL-28022-6HE.jpg 564w\" sizes=\"auto, (max-width: 200px) 100vw, 200px\" \/><\/a><\/p>\n<hr \/>\n<p>8HE<br \/>\nPris: 1.360 kr<br \/>\n<a href=\"https:\/\/hagamusikochmedia.se\/?attachment_id=174\" target=\"_blank\"><img loading=\"lazy\" decoding=\"async\" class=\"alignnone wp-image-174\" src=\"https:\/\/hagamusikochmedia.se\/wp-content\/uploads\/2014\/05\/HMTL-28023-8HE-300x228.jpg\" alt=\"HMTL-28023-8HE\" width=\"200\" height=\"152\" srcset=\"https:\/\/hagamusikochmedia.se\/wp-content\/uploads\/2014\/05\/HMTL-28023-8HE-300x228.jpg 300w, https:\/\/hagamusikochmedia.se\/wp-content\/uploads\/2014\/05\/HMTL-28023-8HE.jpg 526w\" sizes=\"auto, (max-width: 200px) 100vw, 200px\" \/><\/a><\/p>\n<hr \/>\n<p><em>Priserna inkluderar moms.<br \/>\n<\/em><em style=\"line-height: 1.5;\">Frakt tillkommer med 125 kr<br \/>\n<\/em><em style=\"line-height: 1.5;\">Best\u00e4llning g\u00f6rs tillsvidare via telefon 073-716 56 10 eller mail <a href=\"mailto:order@hagamusikochmedia.se\" target=\"_blank\">order@hagamusikochmedia.se<\/a><\/em><\/p>\n<p>&nbsp;<\/p>\n","protected":false},"excerpt":{"rendered":"<p>Tillverkade av strykt\u00e5lig plast. \u00d6ppningsbara lock b\u00e5de fram och bak. Perfekt till l\u00e4ttare utrustning. M\u00e5tt: 235 + 545 + 570mm Monteringsdjup 420mm Max montering inkl lock 540mm 2HE Pris: \u00a0890 kr 4HE Pris: \u00a0985 kr 6HE Pris:\u00a01.120 kr 8HE Pris: 1.360 kr Priserna inkluderar moms. Frakt tillkommer med 125 kr Best\u00e4llning g\u00f6rs tillsvidare via telefon &hellip; <a href=\"https:\/\/hagamusikochmedia.se\/?page_id=170\" class=\"more-link\">Forts\u00e4tt l\u00e4sa <span class=\"screen-reader-text\">Rackcasar i plast<\/span> <span class=\"meta-nav\">&rarr;<\/span><\/a><\/p>\n","protected":false},"author":1,"featured_media":0,"parent":176,"menu_order":0,"comment_status":"closed","ping_status":"closed","template":"","meta":{"footnotes":""},"class_list":["post-170","page","type-page","status-publish","hentry"],"_links":{"self":[{"href":"https:\/\/hagamusikochmedia.se\/index.php?rest_route=\/wp\/v2\/pages\/170","targetHints":{"allow":["GET"]}}],"collection":[{"href":"https:\/\/hagamusikochmedia.se\/index.php?rest_route=\/wp\/v2\/pages"}],"about":[{"href":"https:\/\/hagamusikochmedia.se\/index.php?rest_route=\/wp\/v2\/types\/page"}],"author":[{"embeddable":true,"href":"https:\/\/hagamusikochmedia.se\/index.php?rest_route=\/wp\/v2\/users\/1"}],"replies":[{"embeddable":true,"href":"https:\/\/hagamusikochmedia.se\/index.php?rest_route=%2Fwp%2Fv2%2Fcomments&post=170"}],"version-history":[{"count":8,"href":"https:\/\/hagamusikochmedia.se\/index.php?rest_route=\/wp\/v2\/pages\/170\/revisions"}],"predecessor-version":[{"id":190,"href":"https:\/\/hagamusikochmedia.se\/index.php?rest_route=\/wp\/v2\/pages\/170\/revisions\/190"}],"up":[{"embeddable":true,"href":"https:\/\/hagamusikochmedia.se\/index.php?rest_route=\/wp\/v2\/pages\/176"}],"wp:attachment":[{"href":"https:\/\/hagamusikochmedia.se\/index.php?rest_route=%2Fwp%2Fv2%2Fmedia&parent=170"}],"curies":[{"name":"wp","href":"https:\/\/api.w.org\/{rel}","templated":true}]}}