{"id":218,"date":"2014-10-16T22:52:53","date_gmt":"2014-10-16T22:52:53","guid":{"rendered":"http:\/\/hagamusikochmedia.se\/?page_id=218"},"modified":"2014-10-17T08:09:46","modified_gmt":"2014-10-17T08:09:46","slug":"ljudupptagningar","status":"publish","type":"page","link":"https:\/\/hagamusikochmedia.se\/?page_id=218","title":{"rendered":"Ljudupptagningar"},"content":{"rendered":"<p><strong>1983 Boulongersfesten i G\u00e4vle<\/strong> [inspelat p\u00e5 kasettband]<\/p>\n<p><a title=\"http:\/\/yourlisten.com\/hagamusikochmedia\" href=\"http:\/\/yourlisten.com\/hagamusikochmedia\" target=\"_blank\">Lyssna h\u00e4r<\/a><\/p>\n<ul>\n<li>SLAM<br \/>\n<iframe loading=\"lazy\" style=\"width: 100%;\" src=\"\/\/yourlisten.com\/embed\/html5?17218568\" width=\"300\" height=\"150\" frameborder=\"0\"><\/iframe><\/li>\n<li>Balooba Band<\/li>\n<li>Craps<\/li>\n<li>Genocide<\/li>\n<li>Grenzfall<\/li>\n<li>Ho\u0308stsonat<\/li>\n<li>Kuntakinte<\/li>\n<li>Quiet<\/li>\n<li>Russian<\/li>\n<li>Submarines<\/li>\n<li>UDB<\/li>\n<li>Zeke Varg<\/li>\n<\/ul>\n<p><a href=\"https:\/\/hagamusikochmedia.se\/?attachment_id=222\" target=\"_blank\"><img loading=\"lazy\" decoding=\"async\" class=\"alignnone wp-image-222 size-large\" src=\"https:\/\/hagamusikochmedia.se\/wp-content\/uploads\/2014\/10\/Boulongersfesten-1983-718x1024.png\" alt=\"Boulongersfesten 1983\" width=\"604\" height=\"861\" srcset=\"https:\/\/hagamusikochmedia.se\/wp-content\/uploads\/2014\/10\/Boulongersfesten-1983-718x1024.png 718w, https:\/\/hagamusikochmedia.se\/wp-content\/uploads\/2014\/10\/Boulongersfesten-1983-210x300.png 210w, https:\/\/hagamusikochmedia.se\/wp-content\/uploads\/2014\/10\/Boulongersfesten-1983.png 758w\" sizes=\"auto, (max-width: 604px) 100vw, 604px\" \/><\/a><\/p>\n","protected":false},"excerpt":{"rendered":"<p>1983 Boulongersfesten i G\u00e4vle [inspelat p\u00e5 kasettband] Lyssna h\u00e4r SLAM Balooba Band Craps Genocide Grenzfall Ho\u0308stsonat Kuntakinte Quiet Russian Submarines UDB Zeke Varg<\/p>\n","protected":false},"author":1,"featured_media":0,"parent":26,"menu_order":0,"comment_status":"closed","ping_status":"closed","template":"","meta":{"footnotes":""},"class_list":["post-218","page","type-page","status-publish","hentry"],"_links":{"self":[{"href":"https:\/\/hagamusikochmedia.se\/index.php?rest_route=\/wp\/v2\/pages\/218","targetHints":{"allow":["GET"]}}],"collection":[{"href":"https:\/\/hagamusikochmedia.se\/index.php?rest_route=\/wp\/v2\/pages"}],"about":[{"href":"https:\/\/hagamusikochmedia.se\/index.php?rest_route=\/wp\/v2\/types\/page"}],"author":[{"embeddable":true,"href":"https:\/\/hagamusikochmedia.se\/index.php?rest_route=\/wp\/v2\/users\/1"}],"replies":[{"embeddable":true,"href":"https:\/\/hagamusikochmedia.se\/index.php?rest_route=%2Fwp%2Fv2%2Fcomments&post=218"}],"version-history":[{"count":11,"href":"https:\/\/hagamusikochmedia.se\/index.php?rest_route=\/wp\/v2\/pages\/218\/revisions"}],"predecessor-version":[{"id":232,"href":"https:\/\/hagamusikochmedia.se\/index.php?rest_route=\/wp\/v2\/pages\/218\/revisions\/232"}],"up":[{"embeddable":true,"href":"https:\/\/hagamusikochmedia.se\/index.php?rest_route=\/wp\/v2\/pages\/26"}],"wp:attachment":[{"href":"https:\/\/hagamusikochmedia.se\/index.php?rest_route=%2Fwp%2Fv2%2Fmedia&parent=218"}],"curies":[{"name":"wp","href":"https:\/\/api.w.org\/{rel}","templated":true}]}}