{"id":26,"date":"2013-11-07T01:23:00","date_gmt":"2013-11-07T01:23:00","guid":{"rendered":"http:\/\/hagamusikochmedia.se\/?page_id=26"},"modified":"2021-04-13T15:43:30","modified_gmt":"2021-04-13T15:43:30","slug":"filmproduktioner","status":"publish","type":"page","link":"https:\/\/hagamusikochmedia.se\/?page_id=26","title":{"rendered":"Filmproduktioner"},"content":{"rendered":"<p>YYYY-MM-DD F\u00f6rest\u00e4llning\/orkester och plats<br \/>\n\u23af\u23af\u23af\u23af\u23af\u23af\u23af\u23af\u23af\u23af\u23af\u23af\u23af\u23af\u23af\u23af\u23af\u23af\u23af\u23af\u23af\u23af\u23af\u23af\u23af\u23af\u23af\u23af\u23af\u23af\u23af\u23af\u23af\u23af\u23af\u23af\u23af\u23af\u23af\u23af\u23af<\/p>\n<p>2020-10-28 Isabella Lundgren sjunger Bob Dylan@ G\u00e4vle JazzClub, G\u00e4vle Konserthus<br \/>\n2020-10-14 Stockholm Voices@ G\u00e4vle JazzClub, G\u00e4vle Konserthus<br \/>\n2020-09-20 Georg Riedel Secret Song@ G\u00e4vle JazzClub, G\u00e4vle Konserthus<br \/>\n2015-03-19 Livekarusellen, Studifr\u00e4mjandet @ Legenden i G\u00e4vle<br \/>\n2015-02-25 Some Funk Junk @ G\u00e4vle Konserthus<br \/>\n2014-12-26 Punk&amp;Bo\u0308ssa Festival livemusik @ StarClub i G\u00e4vle\u00a0<a title=\"SLAM - 1945\" href=\"https:\/\/youtu.be\/T_XePO_JcM8\" target=\"_blank\" rel=\"noopener noreferrer\"><img loading=\"lazy\" decoding=\"async\" class=\"alignnone wp-image-108 size-full\" src=\"https:\/\/hagamusikochmedia.se\/wp-content\/uploads\/2013\/11\/externallink.png\" alt=\"externallink\" width=\"12\" height=\"12\" \/><\/a><br \/>\n2014-11-14 Vi Lever &#8211; Bokreleaseparty med livemusik @ StarClub i G\u00e4vle<br \/>\n2014-11-13 Scen Feedback @ Musikhuset i G\u00e4vle<br \/>\n2014-11-07 Scen Feedback, Alonzo(KSMB), AstaKask @ Musikhuset i G\u00e4vle<br \/>\n2014-10-25 Jennie Was @ CC-Puben<br \/>\n2014-10-09 Scen Nebraska Feedback @ Musikhuset i G\u00e4vle\u00a0<a title=\"The Mighty Stef\" href=\"https:\/\/www.youtube.com\/watch?v=2GOJcjedQK0\" target=\"_blank\" rel=\"noopener noreferrer\"><img loading=\"lazy\" decoding=\"async\" class=\"alignnone wp-image-108 size-full\" src=\"https:\/\/hagamusikochmedia.se\/wp-content\/uploads\/2013\/11\/externallink.png\" alt=\"externallink\" width=\"12\" height=\"12\" \/><\/a><br \/>\n2014-07-19 Br\u00f6llop, dokumentationsfilm @ G\u00e4vle<br \/>\n2014-06-26- -28 Bangen Jazz &amp; Blues Festival, dokumentationsfilmning @ Sandviken<br \/>\n2014-04-23- -26 Jantefestivalen, dokumentationsfilm @ G\u00e4vle<br \/>\n2014-01-06 Felisia Solo @ Trettondagsjazzen\u00a0<a title=\"Solokonsert\" href=\"http:\/\/youtu.be\/MjgR4uCO1mY\" target=\"_blank\" rel=\"noopener noreferrer\"><img loading=\"lazy\" decoding=\"async\" class=\"alignnone size-full wp-image-108\" src=\"https:\/\/hagamusikochmedia.se\/wp-content\/uploads\/2013\/11\/externallink.png\" alt=\"externallink\" width=\"12\" height=\"12\" \/><\/a><br \/>\n2014-04-02 BAO Bj\u00f6rn Atles Orkester<br \/>\n2013-12-21 Forsbacka Kammarko\u0308r, julkonsert @ Valbo kyrka\u00a0<a title=\"2013-12-21 Forsbacka Kammarko\u0308r, julkonsert @ Valbo kyrka\" href=\"http:\/\/www.youtube.com\/playlist?list=PL8SLKd5Bo6SJu-0MzDF9W3mpQYgK9EpO_\" target=\"_blank\" rel=\"noopener noreferrer\"><img loading=\"lazy\" decoding=\"async\" class=\"alignnone size-full wp-image-108\" src=\"https:\/\/hagamusikochmedia.se\/wp-content\/uploads\/2013\/11\/externallink.png\" alt=\"externallink\" width=\"12\" height=\"12\" \/><\/a><br \/>\n2013-12-07 50 a\u030ars fest med liveband @ Templet <a title=\"Slam - Wild Riders\" href=\"http:\/\/youtu.be\/ggp7ialORbk\" target=\"_blank\" rel=\"noopener noreferrer\"><img loading=\"lazy\" decoding=\"async\" class=\"alignnone size-full wp-image-108\" src=\"https:\/\/hagamusikochmedia.se\/wp-content\/uploads\/2013\/11\/externallink.png\" alt=\"externallink\" width=\"12\" height=\"12\" \/><\/a><br \/>\n2013-07-15 Wa\u030abel @ Engeltofta <a title=\"Wa\u030abel @ Engeltofta\" href=\"http:\/\/www.youtube.com\/playlist?list=PLJmHjaASEQZOM2fHd5GnrdLbt0XYES6ty\" target=\"_blank\" rel=\"noopener noreferrer\"><img loading=\"lazy\" decoding=\"async\" class=\"alignnone wp-image-108 size-full\" src=\"https:\/\/hagamusikochmedia.se\/wp-content\/uploads\/2013\/11\/externallink.png\" alt=\"externallink\" width=\"12\" height=\"12\" \/><\/a><br \/>\n2013-06-15 Frivilliga Kusinerna @ Ja\u0308rbo Folketshus <a title=\"Frivilliga Kusinerna @ Ja\u0308rbo Folketshus\" href=\"http:\/\/www.youtube.com\/playlist?list=PL28zgN1dfwBfMf_ogbPtuHwE2_ypF8gSF\" target=\"_blank\" rel=\"noopener noreferrer\"><img loading=\"lazy\" decoding=\"async\" class=\"alignnone wp-image-108 size-full\" src=\"https:\/\/hagamusikochmedia.se\/wp-content\/uploads\/2013\/11\/externallink.png\" alt=\"externallink\" width=\"12\" height=\"12\" \/><\/a><br \/>\n2013-06-11 Sol\u00e4ngsskolan skolavslutning @ Heliga trefaldighets kyrka<br \/>\n2013-05-30 Sol\u00e4ngsskolan 9C Klasskonsert, G\u00e4vle musikklasser<br \/>\n2013-05-24 Frivilliga Kusinerna @ Cafe\u0301 Pretto, La\u0308ttings i Ga\u0308vle <a title=\"Frivilliga Kusinerna @ Cafe\u0301 Pretto, La\u0308ttings i Ga\u0308vle\" href=\"https:\/\/www.youtube.com\/playlist?list=PL28zgN1dfwBe0PtjaYzAd8VN7ACsx28c6\" target=\"_blank\" rel=\"noopener noreferrer\"><img loading=\"lazy\" decoding=\"async\" class=\"alignnone wp-image-108 size-full\" src=\"https:\/\/hagamusikochmedia.se\/wp-content\/uploads\/2013\/11\/externallink.png\" alt=\"externallink\" width=\"12\" height=\"12\" \/><\/a><br \/>\n2013-05-19 Cirkus, Ringnummer @ Vasaskolan<br \/>\n2013-04-03 Musik Video Workshop &#8211; Micadelica \u2022 Musikvideo @ L\u00e4ttings<br \/>\n2013-03-28 Trubbadur Ante &amp; Flobbe @ Forsbacka Va\u0308rdshus <a title=\"Ante &amp; Flobbe @ Forsbacka Wa\u0308rdshus - Rockin All Over the World\" href=\"http:\/\/youtu.be\/ITCAGK35kN4\" target=\"_blank\" rel=\"noopener noreferrer\"><img loading=\"lazy\" decoding=\"async\" class=\"alignnone wp-image-108 size-full\" src=\"https:\/\/hagamusikochmedia.se\/wp-content\/uploads\/2013\/11\/externallink.png\" alt=\"externallink\" width=\"12\" height=\"12\" \/><\/a> <a title=\"Ante &amp; Flobbe @ Forsbacka Wa\u0308rdshus - Ace of Spades\" href=\"http:\/\/youtu.be\/XuwCcJrGBPY\" target=\"_blank\" rel=\"noopener noreferrer\"><img loading=\"lazy\" decoding=\"async\" class=\"alignnone wp-image-108 size-full\" src=\"https:\/\/hagamusikochmedia.se\/wp-content\/uploads\/2013\/11\/externallink.png\" alt=\"externallink\" width=\"12\" height=\"12\" \/><\/a><br \/>\n2013-03-03 Vasa Cirkus<br \/>\n2013-03-01- -02 Ta&#8217;t Lugnt Ta En Toy &#8211; Ta\u0308llberg<br \/>\n2013-01-06 Perkele Piggelin @ G\u00e4vle JazzClub, G\u00e4vle Konserthus <a title=\"Perkele Piggelin @ G\u00e4vle JazzClub, G\u00e4vle Konserthus\" href=\"http:\/\/www.youtube.com\/playlist?list=PLJmHjaASEQZMiBbDIltAVKoz09r1S-Tlz\" target=\"_blank\" rel=\"noopener noreferrer\"><img loading=\"lazy\" decoding=\"async\" class=\"alignnone wp-image-108 size-full\" src=\"https:\/\/hagamusikochmedia.se\/wp-content\/uploads\/2013\/11\/externallink.png\" alt=\"externallink\" width=\"12\" height=\"12\" \/><\/a><br \/>\n2012-10-06 Turtle Blues @ Gasklockorna, G\u00e4vle <a title=\"Turtle Blues @ Gasklockorna, G\u00e4vle - All Is Loneliness\" href=\"http:\/\/youtu.be\/wPZLuF1pmx8?list=UUOJPtl-LL_Qa1JvrSjfXjbw\" target=\"_blank\" rel=\"noopener noreferrer\"><img loading=\"lazy\" decoding=\"async\" class=\"alignnone wp-image-108 size-full\" src=\"https:\/\/hagamusikochmedia.se\/wp-content\/uploads\/2013\/11\/externallink.png\" alt=\"externallink\" width=\"12\" height=\"12\" \/><\/a> <a title=\"Turtle Blues @ Gasklockorna, G\u00e4vle\" href=\"http:\/\/youtu.be\/9ywejvLEz10\" target=\"_blank\" rel=\"noopener noreferrer\"><img loading=\"lazy\" decoding=\"async\" class=\"alignnone wp-image-108 size-full\" src=\"https:\/\/hagamusikochmedia.se\/wp-content\/uploads\/2013\/11\/externallink.png\" alt=\"externallink\" width=\"12\" height=\"12\" \/><\/a><br \/>\n2012-08-07 Brorsa Knut @ Cafe, Sandviken<br \/>\n2012-06-11 Sola\u0308ngen Va\u030arkonsert @ G\u00e4vle Kulturskola Aula<br \/>\n2012-05-13 Poff Musikalen som fo\u0308rsvann @ Kulturskolan i Ga\u0308vle<br \/>\n2012-04-28 Kulturskolan i G\u00e4vle Konsert, S\u00e5\u030anggrupp, Slagverk<br \/>\n2012-04-25 Kojan @ G\u00e4vle JazzClub <a title=\"Kojan @ G\u00e4vle JazzClub\" href=\"http:\/\/www.youtube.com\/playlist?list=PL28zgN1dfwBdKVPvrNdJLHGnyDnAgCWmN\" target=\"_blank\" rel=\"noopener noreferrer\"><img loading=\"lazy\" decoding=\"async\" class=\"alignnone wp-image-108 size-full\" src=\"https:\/\/hagamusikochmedia.se\/wp-content\/uploads\/2013\/11\/externallink.png\" alt=\"externallink\" width=\"12\" height=\"12\" \/><\/a><br \/>\n2011-11-19 Ma\u0308ssa @ Stora kopparbergs kyrka, Falun<br \/>\n2011-11-17 Musik Cafe Sola\u0308ngen 8C<br \/>\n2011-07-02 GUBB &amp; Magnus Carlsson @ Bangen<br \/>\n2011-06-04 Vasa Spex @ G\u00e4vle Teater<br \/>\n2011-05-25 Vasa3 Symfoniorkestern @ G\u00e4vle Konserthus<br \/>\n2011-05-21 Kulturskolan Ka\u0308rnkraft\u00a0@ Kulturskolan i Ga\u0308vle, Aula<br \/>\n2011-05-12 Sola\u0308ngsskolan Va\u030arkonsert\u00a0@ Kulturskolan i Ga\u0308vle, Aula<br \/>\n2011-05-10 Turtle Blues @ Fagersta Folketshus<br \/>\n2011-05-10 Jazzbacillen Vasa @ Konserthuset<br \/>\n2011-05-04 Vasa @ Ga\u0308vle JazzClub<br \/>\n2011-05-04 Fifty Fifty @ Ga\u0308vle JazzClub <a title=\"Fifty Fifty @ Ga\u0308vle JazzClub\" href=\"http:\/\/www.youtube.com\/playlist?list=PLJmHjaASEQZPv70EkNNupyvCihsimvVOq\" target=\"_blank\" rel=\"noopener noreferrer\"><img loading=\"lazy\" decoding=\"async\" class=\"alignnone wp-image-108 size-full\" src=\"https:\/\/hagamusikochmedia.se\/wp-content\/uploads\/2013\/11\/externallink.png\" alt=\"externallink\" width=\"12\" height=\"12\" \/><\/a><br \/>\n2011-04-21 Boarding Surface @ Spegeln<br \/>\n2011-04-21 Baron Bane @ Spegeln<br \/>\n2011-02-19 Kulturskolejazzen, Jazz Festival &#8211; 2011<br \/>\n\u2022 Bromangymnasiets Fusion Band<br \/>\n\u2022 G-Kraft och The Gofy Project<br \/>\n\u2022 GUBB med Filip Jers<br \/>\n\u2022 Lets Play<br \/>\n\u2022 Octopus<br \/>\n\u2022 Oden Bigband<br \/>\n\u2022 SpitfIre<br \/>\n2011-01-26 Klas Toresson Quartet @ Gavle JazzClubb<br \/>\n2011-01-06 Trettondagsjazzen 2011, Jazz festival @ Gavle Conserthall<br \/>\n\u2022 Anneli Evaldson Quartet<br \/>\n\u2022 Erik Soderlind &amp; Kjell Ohman Trio<br \/>\n\u2022 GUBB<br \/>\n\u2022 Jazzin Guys<br \/>\n\u2022 Old Grand Swingers<br \/>\n\u2022 Award and Scholarship dividend<br \/>\n\u2022 The Agnas Brothers<br \/>\n\u2022 Vasa Jazzlinjen<br \/>\n2010-12-15 Kulturskolans bl\u00e5sorkester<br \/>\n2010-12-12 Christmas charols groups<br \/>\n2010-12-05 Jazzettorna Vasa<br \/>\n2010-12-01 Brazil @ G\u00e4vle JazzClubb<br \/>\n2010-12-01 Black Coffie Quintet @ Gavle JazzClubb <a title=\"Black Coffee Quintet - 1000 miles @ Gavle JazzClub 2010\" href=\"http:\/\/youtu.be\/U5Z2KnsjqiM\" target=\"_blank\" rel=\"noopener noreferrer\"><img loading=\"lazy\" decoding=\"async\" class=\"alignnone wp-image-108 size-full\" src=\"https:\/\/hagamusikochmedia.se\/wp-content\/uploads\/2013\/11\/externallink.png\" alt=\"externallink\" width=\"12\" height=\"12\" \/><\/a><br \/>\n2010-11-16 Skolkonsert klass 7C @ Sol\u00e4ngsskolan<br \/>\n2010-05-27 Stora bl\u00e5s (brass orchester) @ Regementsparken<br \/>\n2010-05-19 Stora bl\u00e5s och Flygvapnets blasorkester (Air Force brass orchester) @ Betlehems Church<br \/>\n2010-03-29 Blue Notes for Blue Minds @ Gustafs kyrka<br \/>\n2010-03-20 Kulturskolejazzen &#8211; 2010<br \/>\n\u2022 GUBB<br \/>\n\u2022 The Gofy Project<br \/>\n\u2022 VOX-Q<br \/>\n2009-12-05 Christmas consert, The Music Conservatory @ Stora Kopparberg Church, Falun<br \/>\n2009-12-02 3 Brass band @ Gavles school of music and culture<br \/>\n2009-08-16 Gavle Steel Pan Band @ Gavle Marinafestival<br \/>\n2009-08-14 Burn the Fuel @ Gavle Marinafestival<br \/>\n2009-06-27 GUBB Big Band @ Bangen, Sandviken<br \/>\n2009-06-10 Graduation consert for young students @ Hagastrom school<br \/>\n2009-06-10 Graduation consert for music students @ Solangen school<br \/>\n2009-06-02 Haga 5 grade Soares, 5 grade students @ Hagastromsskolan<br \/>\n2009-05-25 Spring consert with students @ Solangsskolan<br \/>\n2009-05-20 Burn the Fuel @ Borgarskolan<br \/>\n2009-05-10 Ale Moller @ Gavle Conserthall<br \/>\n2009-05-03 Musical @ Spegeln<br \/>\n2009-05-01 Burn the Fuel @ Gavle Castle Square &#8221;Against Rasism&#8221;<br \/>\n2009-02-08 Burn the Fuel &#8211; Music Direct Competition @ Spegeln<br \/>\n2008-12-19 Talangjakten @ Borgarskolan<br \/>\n2008-12-14 Solangsskolan, Lucia @ Hemlingby<br \/>\n2008-12-13 Christmas consert @ Gavle Conserthall<br \/>\n2008-11-16 Kulturskolan 99 &#8211; celebretion consert for Gavles school of music and culture<br \/>\n2007-12-18 String and Horn consert @ Gavle Conserthall<br \/>\n2007-12-04 Afro ensebles @ The shool of music and culture<br \/>\n2007-08-25 Furuviksbarnen Circus<br \/>\n2007-06-15 Skolavslutning Stina<br \/>\n2007-05-05 Liverpool consert a celebration to the Beatles @ Gavle Conserthall<br \/>\n2006-00-00 The bunkers &#8211; final consert<br \/>\n2005-03-20 Young Childrens Choir Consert @ The Church of Stromsbro<br \/>\n2004-12-09 World Music Consert &#8211; Students from HiG University in Gavle<br \/>\n2001-00-00 Sing groups from The school of music and culture, Outdoor performance<\/p>\n","protected":false},"excerpt":{"rendered":"<p>YYYY-MM-DD F\u00f6rest\u00e4llning\/orkester och plats \u23af\u23af\u23af\u23af\u23af\u23af\u23af\u23af\u23af\u23af\u23af\u23af\u23af\u23af\u23af\u23af\u23af\u23af\u23af\u23af\u23af\u23af\u23af\u23af\u23af\u23af\u23af\u23af\u23af\u23af\u23af\u23af\u23af\u23af\u23af\u23af\u23af\u23af\u23af\u23af\u23af 2020-10-28 Isabella Lundgren sjunger Bob Dylan@ G\u00e4vle JazzClub, G\u00e4vle Konserthus 2020-10-14 Stockholm Voices@ G\u00e4vle JazzClub, G\u00e4vle Konserthus 2020-09-20 Georg Riedel Secret Song@ G\u00e4vle JazzClub, G\u00e4vle Konserthus 2015-03-19 Livekarusellen, Studifr\u00e4mjandet @ Legenden i G\u00e4vle 2015-02-25 Some Funk Junk @ G\u00e4vle Konserthus 2014-12-26 Punk&amp;Bo\u0308ssa Festival livemusik @ StarClub i G\u00e4vle\u00a0 2014-11-14 Vi &hellip; <a href=\"https:\/\/hagamusikochmedia.se\/?page_id=26\" class=\"more-link\">Forts\u00e4tt l\u00e4sa <span class=\"screen-reader-text\">Filmproduktioner<\/span> <span class=\"meta-nav\">&rarr;<\/span><\/a><\/p>\n","protected":false},"author":1,"featured_media":0,"parent":0,"menu_order":0,"comment_status":"closed","ping_status":"closed","template":"","meta":{"footnotes":""},"class_list":["post-26","page","type-page","status-publish","hentry"],"_links":{"self":[{"href":"https:\/\/hagamusikochmedia.se\/index.php?rest_route=\/wp\/v2\/pages\/26","targetHints":{"allow":["GET"]}}],"collection":[{"href":"https:\/\/hagamusikochmedia.se\/index.php?rest_route=\/wp\/v2\/pages"}],"about":[{"href":"https:\/\/hagamusikochmedia.se\/index.php?rest_route=\/wp\/v2\/types\/page"}],"author":[{"embeddable":true,"href":"https:\/\/hagamusikochmedia.se\/index.php?rest_route=\/wp\/v2\/users\/1"}],"replies":[{"embeddable":true,"href":"https:\/\/hagamusikochmedia.se\/index.php?rest_route=%2Fwp%2Fv2%2Fcomments&post=26"}],"version-history":[{"count":19,"href":"https:\/\/hagamusikochmedia.se\/index.php?rest_route=\/wp\/v2\/pages\/26\/revisions"}],"predecessor-version":[{"id":289,"href":"https:\/\/hagamusikochmedia.se\/index.php?rest_route=\/wp\/v2\/pages\/26\/revisions\/289"}],"wp:attachment":[{"href":"https:\/\/hagamusikochmedia.se\/index.php?rest_route=%2Fwp%2Fv2%2Fmedia&parent=26"}],"curies":[{"name":"wp","href":"https:\/\/api.w.org\/{rel}","templated":true}]}}