{"id":29,"date":"2013-11-07T01:29:13","date_gmt":"2013-11-07T01:29:13","guid":{"rendered":"http:\/\/hagamusikochmedia.se\/?page_id=29"},"modified":"2020-02-12T14:25:35","modified_gmt":"2020-02-12T14:25:35","slug":"uthyrning","status":"publish","type":"page","link":"https:\/\/hagamusikochmedia.se\/?page_id=29","title":{"rendered":"Uthyrning"},"content":{"rendered":"<blockquote><p>Ljud<\/p><\/blockquote>\n<p><strong>PA-h\u00f6gtalare aktiva och passiva<\/strong><\/p>\n<ul>\n<li><a title=\"BK-Audio\" href=\"http:\/\/www.bkaudio.se\/se\/produkter\/system\/galaxius-system-3966777\" target=\"_blank\" rel=\"noopener noreferrer\">BK-Audio<\/a><\/li>\n<li>Behringer<\/li>\n<\/ul>\n<p>Kablar, Mikrofoner, Stativ, Backline (Trumset [Pearl], Gitarrf\u00f6rst\u00e4rkare, Basf\u00f6rst\u00e4rkare, Elpiano, Synth)<\/p>\n<blockquote><p>Ljus<\/p><\/blockquote>\n<p><strong>Scenljus<\/strong><\/p>\n<ul>\n<li>Halogen<\/li>\n<li>LED<\/li>\n<\/ul>\n<p>Ljusbord<\/p>\n<p>Ring eller maila f\u00f6r n\u00e4rmare beskrivning och pris\u00f6verenskommelse.<\/p>\n","protected":false},"excerpt":{"rendered":"<p>Ljud PA-h\u00f6gtalare aktiva och passiva BK-Audio Behringer Kablar, Mikrofoner, Stativ, Backline (Trumset [Pearl], Gitarrf\u00f6rst\u00e4rkare, Basf\u00f6rst\u00e4rkare, Elpiano, Synth) Ljus Scenljus Halogen LED Ljusbord Ring eller maila f\u00f6r n\u00e4rmare beskrivning och pris\u00f6verenskommelse.<\/p>\n","protected":false},"author":1,"featured_media":0,"parent":0,"menu_order":0,"comment_status":"closed","ping_status":"closed","template":"","meta":{"footnotes":""},"class_list":["post-29","page","type-page","status-publish","hentry"],"_links":{"self":[{"href":"https:\/\/hagamusikochmedia.se\/index.php?rest_route=\/wp\/v2\/pages\/29","targetHints":{"allow":["GET"]}}],"collection":[{"href":"https:\/\/hagamusikochmedia.se\/index.php?rest_route=\/wp\/v2\/pages"}],"about":[{"href":"https:\/\/hagamusikochmedia.se\/index.php?rest_route=\/wp\/v2\/types\/page"}],"author":[{"embeddable":true,"href":"https:\/\/hagamusikochmedia.se\/index.php?rest_route=\/wp\/v2\/users\/1"}],"replies":[{"embeddable":true,"href":"https:\/\/hagamusikochmedia.se\/index.php?rest_route=%2Fwp%2Fv2%2Fcomments&post=29"}],"version-history":[{"count":3,"href":"https:\/\/hagamusikochmedia.se\/index.php?rest_route=\/wp\/v2\/pages\/29\/revisions"}],"predecessor-version":[{"id":285,"href":"https:\/\/hagamusikochmedia.se\/index.php?rest_route=\/wp\/v2\/pages\/29\/revisions\/285"}],"wp:attachment":[{"href":"https:\/\/hagamusikochmedia.se\/index.php?rest_route=%2Fwp%2Fv2%2Fmedia&parent=29"}],"curies":[{"name":"wp","href":"https:\/\/api.w.org\/{rel}","templated":true}]}}