{"id":51,"date":"2014-01-03T17:11:52","date_gmt":"2014-01-03T17:11:52","guid":{"rendered":"http:\/\/hagamusikochmedia.se\/?page_id=51"},"modified":"2014-03-25T22:56:24","modified_gmt":"2014-03-25T22:56:24","slug":"ljud","status":"publish","type":"page","link":"https:\/\/hagamusikochmedia.se\/?page_id=51","title":{"rendered":"Ljud"},"content":{"rendered":"<table width=\"545\" border=\"0\" cellspacing=\"0\" cellpadding=\"0\"><!--StartFragment--> <\/p>\n<colgroup>\n<col width=\"245\" \/>\n<col span=\"4\" width=\"75\" \/> <\/colgroup>\n<tbody>\n<tr valign=\"top\">\n<td width=\"245\" height=\"13\"><\/td>\n<td width=\"75\">1 set<\/td>\n<td width=\"75\">2 set<\/td>\n<td width=\"75\"><\/td>\n<td width=\"75\"><\/td>\n<\/tr>\n<tr valign=\"top\">\n<td width=\"245\" height=\"13\"><strong>BK-Audio GX-15 <\/strong>Aktivt PA\u00a0<a title=\"BK-Audio GX-15\" href=\"https:\/\/hagamusikochmedia.se\/?page_id=116\" target=\"_blank\"><img loading=\"lazy\" decoding=\"async\" class=\"alignnone size-full wp-image-108\" alt=\"externallink\" src=\"https:\/\/hagamusikochmedia.se\/wp-content\/uploads\/2013\/11\/externallink.png\" width=\"12\" height=\"12\" \/><\/a><br \/>\n<a title=\"BK-Audio GX-15\" href=\"https:\/\/hagamusikochmedia.se\/?page_id=116\" target=\"_blank\"><img loading=\"lazy\" decoding=\"async\" class=\"alignnone  wp-image-111\" alt=\"pa-bk-GX15_b600\" src=\"https:\/\/hagamusikochmedia.se\/wp-content\/uploads\/2014\/01\/pa-bk-GX15_b600-284x300.png\" width=\"170\" height=\"180\" srcset=\"https:\/\/hagamusikochmedia.se\/wp-content\/uploads\/2014\/01\/pa-bk-GX15_b600-284x300.png 284w, https:\/\/hagamusikochmedia.se\/wp-content\/uploads\/2014\/01\/pa-bk-GX15_b600.png 600w\" sizes=\"auto, (max-width: 170px) 100vw, 170px\" \/><\/a><\/td>\n<td align=\"right\" width=\"75\">550kr<\/td>\n<td align=\"right\" width=\"75\">900kr<\/td>\n<td width=\"75\"><\/td>\n<td width=\"75\"><\/td>\n<\/tr>\n<tr valign=\"top\">\n<td width=\"245\" height=\"13\"><\/td>\n<td width=\"75\"><\/td>\n<td width=\"75\"><\/td>\n<td width=\"75\"><\/td>\n<td width=\"75\"><\/td>\n<\/tr>\n<tr valign=\"top\">\n<td width=\"245\" height=\"13\"><\/td>\n<td width=\"75\">1 st<\/td>\n<td width=\"75\">2 st<\/td>\n<td width=\"75\"><\/td>\n<td width=\"75\"><\/td>\n<\/tr>\n<tr valign=\"top\">\n<td width=\"245\" height=\"13\"><strong>BK-Audio CT-12 MA <\/strong>Aktiv monitor\u00a0<a title=\"BK-Audio CT-12MA\" href=\"https:\/\/hagamusikochmedia.se\/?page_id=119\" target=\"_blank\"><img loading=\"lazy\" decoding=\"async\" class=\"alignnone size-full wp-image-108\" alt=\"externallink\" src=\"https:\/\/hagamusikochmedia.se\/wp-content\/uploads\/2013\/11\/externallink.png\" width=\"12\" height=\"12\" \/><\/a><br \/>\n<a title=\"BK-Audio CT-12MA\" href=\"https:\/\/hagamusikochmedia.se\/?page_id=119\" target=\"_blank\"><img loading=\"lazy\" decoding=\"async\" class=\"alignnone  wp-image-112\" alt=\"monitor-bk-CT-12MA_b400\" src=\"https:\/\/hagamusikochmedia.se\/wp-content\/uploads\/2014\/01\/monitor-bk-CT-12MA_b400-300x282.png\" width=\"144\" height=\"135\" srcset=\"https:\/\/hagamusikochmedia.se\/wp-content\/uploads\/2014\/01\/monitor-bk-CT-12MA_b400-300x282.png 300w, https:\/\/hagamusikochmedia.se\/wp-content\/uploads\/2014\/01\/monitor-bk-CT-12MA_b400.png 400w\" sizes=\"auto, (max-width: 144px) 100vw, 144px\" \/><\/a><\/td>\n<td align=\"right\" width=\"75\">125kr<\/td>\n<td align=\"right\" width=\"75\">200kr<\/td>\n<td width=\"75\"><\/td>\n<td width=\"75\"><\/td>\n<\/tr>\n<tr>\n<td width=\"245\" height=\"13\"><\/td>\n<td width=\"75\"><\/td>\n<td width=\"75\"><\/td>\n<td width=\"75\"><\/td>\n<td width=\"75\"><\/td>\n<\/tr>\n<tr valign=\"top\">\n<td width=\"245\" height=\"13\"><\/td>\n<td width=\"75\">1 st<\/td>\n<td width=\"75\">2 st<\/td>\n<td width=\"75\">3 st<\/td>\n<td width=\"75\">4 st<\/td>\n<\/tr>\n<tr valign=\"top\">\n<td width=\"245\" height=\"13\"><strong>BK-Audio BIG 8 <\/strong>Aktiv monitor\u00a0<a title=\"BK-Audio BIG8\" href=\"https:\/\/hagamusikochmedia.se\/?page_id=121\" target=\"_blank\"><img loading=\"lazy\" decoding=\"async\" class=\"alignnone size-full wp-image-108\" alt=\"externallink\" src=\"https:\/\/hagamusikochmedia.se\/wp-content\/uploads\/2013\/11\/externallink.png\" width=\"12\" height=\"12\" \/><\/a><br \/>\n<a title=\"BK-Audio BIG8\" href=\"https:\/\/hagamusikochmedia.se\/?page_id=121\" target=\"_blank\"><img loading=\"lazy\" decoding=\"async\" class=\"alignnone  wp-image-113\" alt=\"monitor-bk-BIG8_b350\" src=\"https:\/\/hagamusikochmedia.se\/wp-content\/uploads\/2014\/01\/monitor-bk-BIG8_b350-262x300.png\" width=\"126\" height=\"144\" srcset=\"https:\/\/hagamusikochmedia.se\/wp-content\/uploads\/2014\/01\/monitor-bk-BIG8_b350-262x300.png 262w, https:\/\/hagamusikochmedia.se\/wp-content\/uploads\/2014\/01\/monitor-bk-BIG8_b350.png 350w\" sizes=\"auto, (max-width: 126px) 100vw, 126px\" \/><\/a><\/td>\n<td align=\"right\" width=\"75\">90 kr<\/td>\n<td align=\"right\" width=\"75\">150 kr<\/td>\n<td align=\"right\" width=\"75\">190 kr<\/td>\n<td align=\"right\" width=\"75\">250 kr<\/td>\n<\/tr>\n<tr>\n<td width=\"245\" height=\"13\"><\/td>\n<td width=\"75\"><\/td>\n<td width=\"75\"><\/td>\n<td width=\"75\"><\/td>\n<td width=\"75\"><\/td>\n<\/tr>\n<tr valign=\"top\">\n<td width=\"245\" height=\"13\"><\/td>\n<td width=\"75\">1 st<\/td>\n<td width=\"75\"><\/td>\n<td width=\"75\"><\/td>\n<td width=\"75\"><\/td>\n<\/tr>\n<tr valign=\"top\">\n<td width=\"245\" height=\"13\"><strong>JB-Systems MCD-570<\/strong> Dubbel CD-Spelare<br \/>\n<img loading=\"lazy\" decoding=\"async\" class=\"alignnone  wp-image-83\" alt=\"small_jbsystems-mcd-570\" src=\"https:\/\/hagamusikochmedia.se\/wp-content\/uploads\/2014\/01\/small_jbsystems-mcd-570.jpg\" width=\"180\" height=\"74\" \/><\/td>\n<td align=\"right\" width=\"75\">160 kr<\/td>\n<td align=\"right\" width=\"75\"><\/td>\n<td align=\"right\" width=\"75\"><\/td>\n<td align=\"right\" width=\"75\"><\/td>\n<\/tr>\n<p><!--EndFragment--><\/tbody>\n<\/table>\n<h4><span style=\"font-family: 'Source Sans Pro', Helvetica, sans-serif; font-size: 16px; line-height: 1.5;\">I hyran ing\u00e5r allt kablage som beh\u00f6vs f\u00f6r ihopkoppling.<\/span><\/h4>\n<p>Hyrespriserna g\u00e4ller f\u00f6r 1 dygn d\u00e4r ni sj\u00e4lva ombes\u00f6rjer h\u00e4mtning och \u00e5terl\u00e4mmning.<br \/>\nVid l\u00e4ngre tids hyra ges 15% rabatt f\u00f6r dygn 2 och 25% f\u00f6r dygn 3 p\u00e5 1 dygnspriset.<br \/>\nTransport, riggning, tekniker mm. kan ordnas f\u00f6r pris enligt \u00f6verenskommelse<\/p>\n<p><em>Alla priser \u00e4r exkl. moms.<\/em><\/p>\n","protected":false},"excerpt":{"rendered":"<p>1 set 2 set BK-Audio GX-15 Aktivt PA\u00a0 550kr 900kr 1 st 2 st BK-Audio CT-12 MA Aktiv monitor\u00a0 125kr 200kr 1 st 2 st 3 st 4 st BK-Audio BIG 8 Aktiv monitor\u00a0 90 kr 150 kr 190 kr 250 kr 1 st JB-Systems MCD-570 Dubbel CD-Spelare 160 kr I hyran ing\u00e5r allt kablage &hellip; <a href=\"https:\/\/hagamusikochmedia.se\/?page_id=51\" class=\"more-link\">Forts\u00e4tt l\u00e4sa <span class=\"screen-reader-text\">Ljud<\/span> <span class=\"meta-nav\">&rarr;<\/span><\/a><\/p>\n","protected":false},"author":1,"featured_media":0,"parent":29,"menu_order":1,"comment_status":"closed","ping_status":"closed","template":"","meta":{"footnotes":""},"class_list":["post-51","page","type-page","status-publish","hentry"],"_links":{"self":[{"href":"https:\/\/hagamusikochmedia.se\/index.php?rest_route=\/wp\/v2\/pages\/51","targetHints":{"allow":["GET"]}}],"collection":[{"href":"https:\/\/hagamusikochmedia.se\/index.php?rest_route=\/wp\/v2\/pages"}],"about":[{"href":"https:\/\/hagamusikochmedia.se\/index.php?rest_route=\/wp\/v2\/types\/page"}],"author":[{"embeddable":true,"href":"https:\/\/hagamusikochmedia.se\/index.php?rest_route=\/wp\/v2\/users\/1"}],"replies":[{"embeddable":true,"href":"https:\/\/hagamusikochmedia.se\/index.php?rest_route=%2Fwp%2Fv2%2Fcomments&post=51"}],"version-history":[{"count":10,"href":"https:\/\/hagamusikochmedia.se\/index.php?rest_route=\/wp\/v2\/pages\/51\/revisions"}],"predecessor-version":[{"id":124,"href":"https:\/\/hagamusikochmedia.se\/index.php?rest_route=\/wp\/v2\/pages\/51\/revisions\/124"}],"up":[{"embeddable":true,"href":"https:\/\/hagamusikochmedia.se\/index.php?rest_route=\/wp\/v2\/pages\/29"}],"wp:attachment":[{"href":"https:\/\/hagamusikochmedia.se\/index.php?rest_route=%2Fwp%2Fv2%2Fmedia&parent=51"}],"curies":[{"name":"wp","href":"https:\/\/api.w.org\/{rel}","templated":true}]}}