{"id":54,"date":"2014-01-03T17:15:02","date_gmt":"2014-01-03T17:15:02","guid":{"rendered":"http:\/\/hagamusikochmedia.se\/?page_id=54"},"modified":"2014-02-09T03:27:13","modified_gmt":"2014-02-09T03:27:13","slug":"ljus","status":"publish","type":"page","link":"https:\/\/hagamusikochmedia.se\/?page_id=54","title":{"rendered":"Ljus"},"content":{"rendered":"<table width=\"545\" border=\"0\" cellspacing=\"0\" cellpadding=\"0\"><!--StartFragment--> <\/p>\n<colgroup>\n<col width=\"245\" \/>\n<col span=\"4\" width=\"75\" \/> <\/colgroup>\n<tbody>\n<tr>\n<td width=\"245\" height=\"13\"><\/td>\n<td width=\"75\">1 st<\/td>\n<td width=\"75\">2 st<\/td>\n<td width=\"75\">3 st<\/td>\n<td width=\"75\">4 st<\/td>\n<\/tr>\n<tr valign=\"top\">\n<td width=\"245\" height=\"13\"><strong>Headbanger 10 LED<\/strong> Moving Head (5 st)<br \/>\n<a href=\"http:\/\/events.xn--teambck-9wa.se\/wp-content\/uploads\/2013\/11\/stagg-head-banger-stagg-sli-mhw-hb10-0.jpg\"><img loading=\"lazy\" decoding=\"async\" class=\"alignnone  wp-image-117\" alt=\"stagg-head-banger-stagg-sli-mhw-hb10-0\" src=\"http:\/\/events.xn--teambck-9wa.se\/wp-content\/uploads\/2013\/11\/stagg-head-banger-stagg-sli-mhw-hb10-0-300x300.jpg\" width=\"180\" height=\"180\" \/><\/a><\/td>\n<td align=\"right\" width=\"75\">125 kr<\/td>\n<td align=\"right\" width=\"75\">260 kr<\/td>\n<td align=\"right\" width=\"75\">450 kr<\/td>\n<td align=\"right\" width=\"75\">480 kr<\/td>\n<\/tr>\n<tr valign=\"top\">\n<td width=\"245\" height=\"13\"><\/td>\n<td width=\"75\"><\/td>\n<td width=\"75\"><\/td>\n<td width=\"75\"><\/td>\n<td width=\"75\"><\/td>\n<\/tr>\n<tr valign=\"top\">\n<td width=\"245\" height=\"13\">\u2022 <strong>LED-Matrix<\/strong> 1 st<br \/>\n<a href=\"https:\/\/hagamusikochmedia.se\/wp-content\/uploads\/2014\/01\/MatrixLED-1.jpg\"><img loading=\"lazy\" decoding=\"async\" class=\"alignnone  wp-image-87\" alt=\"MatrixLED-1\" src=\"https:\/\/hagamusikochmedia.se\/wp-content\/uploads\/2014\/01\/MatrixLED-1-300x224.jpg\" width=\"180\" height=\"134\" srcset=\"https:\/\/hagamusikochmedia.se\/wp-content\/uploads\/2014\/01\/MatrixLED-1-300x224.jpg 300w, https:\/\/hagamusikochmedia.se\/wp-content\/uploads\/2014\/01\/MatrixLED-1.jpg 800w\" sizes=\"auto, (max-width: 180px) 100vw, 180px\" \/><br \/>\n<\/a><a href=\"https:\/\/hagamusikochmedia.se\/wp-content\/uploads\/2014\/01\/MatrixLED-2.jpg\"><img loading=\"lazy\" decoding=\"async\" class=\"alignnone  wp-image-90\" alt=\"MatrixLED-2\" src=\"https:\/\/hagamusikochmedia.se\/wp-content\/uploads\/2014\/01\/MatrixLED-2-300x223.jpg\" width=\"180\" height=\"134\" srcset=\"https:\/\/hagamusikochmedia.se\/wp-content\/uploads\/2014\/01\/MatrixLED-2-300x223.jpg 300w, https:\/\/hagamusikochmedia.se\/wp-content\/uploads\/2014\/01\/MatrixLED-2.jpg 803w\" sizes=\"auto, (max-width: 180px) 100vw, 180px\" \/><\/a><br \/>\n256 DMX-Kanaler!<br \/>\nEn ny och innovativ ljuseffekt fr\u00e5n JB Systems. Har en \u201dv\u00e4gg\u201d med 256 high power LED, 64 vita, 64 gr\u00f6na, 64 r\u00f6da, 64 bl\u00e5a.<br \/>\nDessa kan via DMX styras individuellt f\u00f6r att skapa text, figurer eller egna effekter.LED Matrix har \u00e4ven otroliga inbyggda program som styrs via den inbyggda mikrofonen. Den har \u00e4ven Master \/ Slave funktion samt olika DMX Modes.1 kanals mode ger valm\u00f6jligheten blackout \/ musikstyrd, inget switchpack beh\u00f6vs.<span style=\"line-height: 2;\">\u2022 <\/span><strong style=\"line-height: 2;\">LED-Mystery<\/strong><span style=\"line-height: 2;\"> 2 st<\/span><\/p>\n<p><a href=\"https:\/\/hagamusikochmedia.se\/wp-content\/uploads\/2014\/01\/MysteryLED-1.jpg\"><img loading=\"lazy\" decoding=\"async\" class=\"alignnone  wp-image-88\" alt=\"MysteryLED-1\" src=\"https:\/\/hagamusikochmedia.se\/wp-content\/uploads\/2014\/01\/MysteryLED-1-300x224.jpg\" width=\"180\" height=\"134\" srcset=\"https:\/\/hagamusikochmedia.se\/wp-content\/uploads\/2014\/01\/MysteryLED-1-300x224.jpg 300w, https:\/\/hagamusikochmedia.se\/wp-content\/uploads\/2014\/01\/MysteryLED-1.jpg 798w\" sizes=\"auto, (max-width: 180px) 100vw, 180px\" \/><br \/>\n<\/a><a href=\"https:\/\/hagamusikochmedia.se\/wp-content\/uploads\/2014\/01\/MysteryLED-2.jpg\"><img loading=\"lazy\" decoding=\"async\" class=\"alignnone  wp-image-89\" alt=\"MysteryLED-2\" src=\"https:\/\/hagamusikochmedia.se\/wp-content\/uploads\/2014\/01\/MysteryLED-2-300x225.jpg\" width=\"180\" height=\"135\" srcset=\"https:\/\/hagamusikochmedia.se\/wp-content\/uploads\/2014\/01\/MysteryLED-2-300x225.jpg 300w, https:\/\/hagamusikochmedia.se\/wp-content\/uploads\/2014\/01\/MysteryLED-2.jpg 800w\" sizes=\"auto, (max-width: 180px) 100vw, 180px\" \/><\/a><br \/>\nLaserliknande med strobefunktion<br \/>\nDetta \u00e4r inte LED varianten av en vanlig derby effekt, Denna effekt \u00e4r uppbyggd p\u00e5 2 st 10 Watt RGB LEDs.<br \/>\nMed ny teknik f\u00e5r man fram extremt starka str\u00e5lar i f\u00f6rh\u00e5llande till LED styrkan.<\/p>\n<p>Mystery ger laserliknande str\u00e5lar som dansar runt i rummet och byter f\u00e4rg genom RGB LED:en.<br \/>\nPassar utm\u00e4rkt ihop med ex. LED Magic.<\/p>\n<p>DMX styrning via 1 kanal f\u00f6r enkel blackout funktion eller 3 kanaler f\u00f6r full kontroll. Inbyggda program som k\u00f6rs via musik eller i Master \/ slave mode.<\/p>\n<p>\u2022 <strong>SLW-300 Vevstativ f\u00f6r ljus<\/strong> 2 st<br \/>\n\u2022 <strong>LED-Spot RGB<\/strong> 1 st<br \/>\n\u2022 <strong>Work T-adapter<\/strong> 2 st<br \/>\n\u2022<strong>JB-Systems PB-41<\/strong> 2 st<br \/>\n<a href=\"https:\/\/hagamusikochmedia.se\/wp-content\/uploads\/2014\/01\/JB-Systems-PB-41.jpg\"><img loading=\"lazy\" decoding=\"async\" class=\"alignnone size-medium wp-image-91\" alt=\"JB-Systems PB-41\" src=\"https:\/\/hagamusikochmedia.se\/wp-content\/uploads\/2014\/01\/JB-Systems-PB-41-300x225.jpg\" width=\"300\" height=\"225\" srcset=\"https:\/\/hagamusikochmedia.se\/wp-content\/uploads\/2014\/01\/JB-Systems-PB-41-300x225.jpg 300w, https:\/\/hagamusikochmedia.se\/wp-content\/uploads\/2014\/01\/JB-Systems-PB-41.jpg 1000w\" sizes=\"auto, (max-width: 300px) 100vw, 300px\" \/><\/a><br \/>\nEn mycket smart variant p\u00e5 DMX T-bar. H\u00e4r har man inga inbyggda program utan PB-41 styrs via DMX-kontroller t.ex. LM-430.Individuellt valbart switch eller dimmer f\u00f6r varje kanal g\u00f6r att du kan blanda kannor och ljuseffekter p\u00e5 samma PB-41.<\/p>\n<p>Genom en smidig konstruktion med glidskena best\u00e4mmer du sj\u00e4lv vart armaturerna skall monteras.<\/p>\n<p>Teknisk Info:<br \/>\n1000W per kanal (3600W Max)<br \/>\nStandard 35mm adapter f\u00f6r stativ montering<br \/>\n3 polig XLR<br \/>\nDMX in\/ut<br \/>\n\u2022 <strong>LED Cyclope<\/strong> 1 st<br \/>\n<span style=\"line-height: 2;\"><a href=\"https:\/\/hagamusikochmedia.se\/wp-content\/uploads\/2014\/01\/JB-Systems-Cyclope-LED-Effects-Light.png\"><img loading=\"lazy\" decoding=\"async\" class=\"alignnone  wp-image-93\" alt=\"JB Systems Cyclope LED Effects Light\" src=\"https:\/\/hagamusikochmedia.se\/wp-content\/uploads\/2014\/01\/JB-Systems-Cyclope-LED-Effects-Light-300x279.png\" width=\"180\" height=\"167\" srcset=\"https:\/\/hagamusikochmedia.se\/wp-content\/uploads\/2014\/01\/JB-Systems-Cyclope-LED-Effects-Light-300x279.png 300w, https:\/\/hagamusikochmedia.se\/wp-content\/uploads\/2014\/01\/JB-Systems-Cyclope-LED-Effects-Light.png 564w\" sizes=\"auto, (max-width: 180px) 100vw, 180px\" \/><\/a><br \/>\nDescription<br \/>\n<\/span>A very powerful, eye-catching, LED effect.<br \/>\nBased on 7 LED clusters with 392 power LEDs(R=140 + G=105 + B=84 + W=63):<\/p>\n<p>Extremely brilliant colors compared to effects with halogen lamps<br \/>\nMore dynamic effects compared to effects based on halogen lamps<br \/>\nVery sharp white, blue, red and green laser-like beams<br \/>\nNo lamp replacements!<br \/>\nUses LEDs with extremely long lifespan!<br \/>\nVirtually no heat production<br \/>\nVery low power consumption<br \/>\nLightweight (no lamp transformers needed)<br \/>\n0-100% dimming and ultra fast strobe function<br \/>\nExcellent built-in programs for wonderful, ever changing, light shows:<br \/>\nDMX-control: selectable 4 or 10 channelsfor full control of the 7 LED clusters<br \/>\nStandalone: sound activated with internal mic<br \/>\nMaster\/slave: wonderful synchronized shows<br \/>\nOptional CA-8 remote controller available<br \/>\n4-digit menu driven display<br \/>\nEquipped with big optical lens for maximum light output and wide 54\u00b0 beam angle<br \/>\nTechnical Information<br \/>\nMains Input: AC 230V, 50Hz<br \/>\nPower consumption: 50 Watt<br \/>\nSound Control: Internal microphone<br \/>\nDMX connections: 3pin XLR male \/ female<br \/>\nDMX channels used: 4\/10 channels<br \/>\nLamp: 392 LEDs (R=140 + G=105 + B=84 + W=63):<br \/>\nSize: 300 x 308 x 280 mm<br \/>\nWeight: 5 kg<\/p>\n<p>\u2022\u00a0<strong>Par-56 LED Svart<\/strong>\u00a04 st<br \/>\n<a href=\"https:\/\/hagamusikochmedia.se\/wp-content\/uploads\/2014\/01\/Par-56-LED-Svart-Eurolite-bild2.jpg\"><img loading=\"lazy\" decoding=\"async\" alt=\"OLYMPUS DIGITAL CAMERA\" src=\"https:\/\/hagamusikochmedia.se\/wp-content\/uploads\/2014\/01\/Par-56-LED-Svart-Eurolite-bild2-195x300.jpg\" width=\"117\" height=\"180\" \/><\/a><br \/>\nDMX styrd med 5 kanaler och energisn\u00e5l s\u00e5 du kan gl\u00f6mma trefas och dimmer.Via DMX kan du komma \u00e5t antingen f\u00e4rger eller inbyggda program som f\u00e4rgv\u00e4xling.<br \/>\nv\u00e4ldigt smidig b\u00e5de till konsert och till disco d\u00e4r du kan anv\u00e4nda den inbyggda ljudstyrningen.Genom sin l\u00e5ga energif\u00f6rbrukning avger LED armaturer lite v\u00e4rme vilket g\u00f6r att man kan anv\u00e4nda dem \u00e4ven i v\u00e4rmek\u00e4nsliga milj\u00f6er.<\/p>\n<p>Teknisk Info:<br \/>\nAntal Dioder: 151 st<br \/>\nMax Effekt: 20w (motsvarar en vanlig Par-56 300W)<br \/>\nVikt: 1,5 kg<br \/>\nSpridning: 45 Grader<br \/>\nStand alone eller ljudstyrd<br \/>\nDMX Styrning 3 pol XLR<br \/>\nKan styras med Led Operator 1 eller LED Operator IR2DMX f\u00f6r mycket enkel tr\u00e5dl\u00f6skontroll<br \/>\nStor m\u00e4ngd f\u00e4rgkombinationer<\/p>\n<p>\u2022 <strong>JB LED PAR 64<\/strong> 1 st<br \/>\n<span style=\"line-height: 2;\"><a href=\"https:\/\/hagamusikochmedia.se\/wp-content\/uploads\/2014\/01\/Par-64-LED-Svart.jpg\"><img loading=\"lazy\" decoding=\"async\" class=\"alignnone  wp-image-102\" alt=\"Par-64 LED Svart\" src=\"https:\/\/hagamusikochmedia.se\/wp-content\/uploads\/2014\/01\/Par-64-LED-Svart-300x298.jpg\" width=\"180\" height=\"179\" srcset=\"https:\/\/hagamusikochmedia.se\/wp-content\/uploads\/2014\/01\/Par-64-LED-Svart-300x298.jpg 300w, https:\/\/hagamusikochmedia.se\/wp-content\/uploads\/2014\/01\/Par-64-LED-Svart-150x150.jpg 150w, https:\/\/hagamusikochmedia.se\/wp-content\/uploads\/2014\/01\/Par-64-LED-Svart.jpg 458w\" sizes=\"auto, (max-width: 180px) 100vw, 180px\" \/><\/a><br \/>\nDMX styrd med 6 kanaler och energisn\u00e5l s\u00e5 du kan gl\u00f6mma trefas och dimmer.<\/span><\/p>\n<p>Via DMX kan du komma \u00e5t antingen f\u00e4rger eller inbyggda program som f\u00e4rgv\u00e4xling.<br \/>\nv\u00e4ldigt smidig b\u00e5de till konsert och till disco d\u00e4r du kan anv\u00e4nda den inbyggda ljudstyrningen.<\/p>\n<p>Genom sin l\u00e5ga energif\u00f6rbrukning avger LED armaturer lite v\u00e4rme vilket g\u00f6r att man kan anv\u00e4nda dem \u00e4ven i v\u00e4rmek\u00e4nsliga milj\u00f6er.<\/p>\n<p>Teknisk Info:<br \/>\nAntal Dioder: 183 st<br \/>\nMax Effekt: 32w<br \/>\nVikt: 2,4 kg<br \/>\nSpridning: 45 Grader<br \/>\nStor m\u00e4ngd f\u00e4rgkombinationer<br \/>\nStand alone eller ljudstyrd<br \/>\nDMX Styrning 3 pol XLR<br \/>\nKan styras med Led Operator 1 eller LED Operator IR2DMX f\u00f6r mycket enkel tr\u00e5dl\u00f6skontroll<\/p>\n<p>\u2022 <strong>STM-1000 1m Truss<\/strong> 2 st<br \/>\n<a href=\"https:\/\/hagamusikochmedia.se\/wp-content\/uploads\/2014\/01\/STM-1000-1m-Truss.jpg\"><img loading=\"lazy\" decoding=\"async\" class=\"alignnone  wp-image-94\" alt=\"STM-1000 1m Truss\" src=\"https:\/\/hagamusikochmedia.se\/wp-content\/uploads\/2014\/01\/STM-1000-1m-Truss-300x225.jpg\" width=\"180\" height=\"135\" srcset=\"https:\/\/hagamusikochmedia.se\/wp-content\/uploads\/2014\/01\/STM-1000-1m-Truss-300x225.jpg 300w, https:\/\/hagamusikochmedia.se\/wp-content\/uploads\/2014\/01\/STM-1000-1m-Truss.jpg 800w\" sizes=\"auto, (max-width: 180px) 100vw, 180px\" \/><\/a><\/p>\n<p>Description<br \/>\nSmall size triangular ALU truss with outer size= 222mm<br \/>\nGreat loading capabilities<br \/>\nIdeal for stores and decorative applications<br \/>\nAlso perfect for DJ-applications: small but very strong!<br \/>\nFast and simple connection with conical connector system<br \/>\nTruss length = 1m<br \/>\n1set couplers included<br \/>\nTechnical Information<br \/>\nTube diameter = 32mm<br \/>\nTube thickness = 2mm<br \/>\nSpan width 4m: 109kg point load + 376kg distributed load<br \/>\nSpan width 6m: 85kg point load + 234kg distributed load<br \/>\nSpan width 8m: 69kg point load + 176kg distributed load<br \/>\nSpan width 10m: 54kg point load + 140kg distributed load<\/p>\n<p>\u2022 <strong>Multiparcan<\/strong> 1 st<br \/>\n<a href=\"https:\/\/hagamusikochmedia.se\/wp-content\/uploads\/2014\/01\/Multiparcan.jpg\"><img loading=\"lazy\" decoding=\"async\" class=\"alignnone  wp-image-96\" alt=\"Multiparcan\" src=\"https:\/\/hagamusikochmedia.se\/wp-content\/uploads\/2014\/01\/Multiparcan-300x297.jpg\" width=\"180\" height=\"178\" srcset=\"https:\/\/hagamusikochmedia.se\/wp-content\/uploads\/2014\/01\/Multiparcan-300x297.jpg 300w, https:\/\/hagamusikochmedia.se\/wp-content\/uploads\/2014\/01\/Multiparcan.jpg 500w\" sizes=\"auto, (max-width: 180px) 100vw, 180px\" \/><\/a><br \/>\n\u2022 <strong>LED-Plano Spot 7 TC<\/strong> 1 st<br \/>\n<a href=\"https:\/\/hagamusikochmedia.se\/wp-content\/uploads\/2014\/01\/PLANO_SPOT_7TC_2_4441.jpg\"><img loading=\"lazy\" decoding=\"async\" class=\"alignnone  wp-image-97\" alt=\"PLANO_SPOT_7TC_2_4441\" src=\"https:\/\/hagamusikochmedia.se\/wp-content\/uploads\/2014\/01\/PLANO_SPOT_7TC_2_4441-300x298.jpg\" width=\"180\" height=\"179\" srcset=\"https:\/\/hagamusikochmedia.se\/wp-content\/uploads\/2014\/01\/PLANO_SPOT_7TC_2_4441-300x298.jpg 300w, https:\/\/hagamusikochmedia.se\/wp-content\/uploads\/2014\/01\/PLANO_SPOT_7TC_2_4441-150x150.jpg 150w, https:\/\/hagamusikochmedia.se\/wp-content\/uploads\/2014\/01\/PLANO_SPOT_7TC_2_4441-1024x1017.jpg 1024w\" sizes=\"auto, (max-width: 180px) 100vw, 180px\" \/><br \/>\n<\/a><a href=\"https:\/\/hagamusikochmedia.se\/wp-content\/uploads\/2014\/01\/PLANO_SPOT_7TC_3_4442.jpg\"><img loading=\"lazy\" decoding=\"async\" class=\"alignnone  wp-image-98\" alt=\"PLANO_SPOT_7TC_3_4442\" src=\"https:\/\/hagamusikochmedia.se\/wp-content\/uploads\/2014\/01\/PLANO_SPOT_7TC_3_4442-206x300.jpg\" width=\"124\" height=\"180\" srcset=\"https:\/\/hagamusikochmedia.se\/wp-content\/uploads\/2014\/01\/PLANO_SPOT_7TC_3_4442-206x300.jpg 206w, https:\/\/hagamusikochmedia.se\/wp-content\/uploads\/2014\/01\/PLANO_SPOT_7TC_3_4442-705x1024.jpg 705w, https:\/\/hagamusikochmedia.se\/wp-content\/uploads\/2014\/01\/PLANO_SPOT_7TC_3_4442.jpg 1300w\" sizes=\"auto, (max-width: 124px) 100vw, 124px\" \/><\/a><\/p>\n<p>Superkompakt RGB LED-projektor som inneh\u00e5ller 7st h\u00f6geffekts RGB 3Watt lysdioder.<br \/>\nExtremt stark och fantastiskt snygg f\u00e4rgv\u00e4xling tack vare RGB-LED.<br \/>\nBetydligt mycket starkare \u00e4n vanliga Planospot.<\/p>\n<p>M\u00e5nga anv\u00e4ndningsomr\u00e5den: Diskotek, DJ-bruk, utst\u00e4llningsmontrar, hemmamilj\u00f6, scenbruk mm.<br \/>\nKan st\u00e4llas i botten p\u00e5 truss f\u00f6r att skapa otroligt snygga trussburar.<br \/>\nKan \u00e4ven anv\u00e4ndas som golv projektor.<\/p>\n<p>Superkompakt chassie, perfekt f\u00f6r uthyrnings f\u00f6retag!<\/p>\n<p>Flera olika arbetsl\u00e4gen:<\/p>\n<p>Frist\u00e5ende: Egna f\u00e4rger, valbara eller automatisk samt synkroniserade f\u00e4rgf\u00f6r\u00e4ndringar.<br \/>\nMaster \/ slave-l\u00e4ge: upp till 16 enheter kan anv\u00e4ndas tillsammans i master\/slave-mode.<\/p>\n<p>DMX-Styrning: 4-kanaler (R, G, B + dimmer \/ strobe \/ ljud)<\/p>\n<p>Kan \u00e4ven styras med LEDCON-02.<\/p>\n<p>IEC in\/utg\u00e5ngar f\u00f6r enkel seriekoppling av str\u00f6m till flera enheter.<\/p>\n<p>N\u00e4t ing\u00e5ng: 230V 50Hz<br \/>\nStr\u00f6mf\u00f6rbrukning: 28,5 Watt<br \/>\nS\u00e4kring: 250V 6,3 A tr\u00f6g (20mm glas)<br \/>\nInbyggd mikrofon<br \/>\nDMX anslutningar: XLR 3pin<br \/>\nLysdioder: 7st lysdioder, 3-in-1 3W RGB<br \/>\nSpridningsvinkel: 25 \u00b0<br \/>\nVikt: 2,5 kg<br \/>\n\u2022\u00a0<strong>Z-300<br \/>\n<a href=\"https:\/\/hagamusikochmedia.se\/wp-content\/uploads\/2014\/01\/Z-300.jpg\"><img loading=\"lazy\" decoding=\"async\" class=\"alignnone  wp-image-100\" alt=\"Z-300\" src=\"https:\/\/hagamusikochmedia.se\/wp-content\/uploads\/2014\/01\/Z-300-300x252.jpg\" width=\"180\" height=\"151\" srcset=\"https:\/\/hagamusikochmedia.se\/wp-content\/uploads\/2014\/01\/Z-300-300x252.jpg 300w, https:\/\/hagamusikochmedia.se\/wp-content\/uploads\/2014\/01\/Z-300.jpg 500w\" sizes=\"auto, (max-width: 180px) 100vw, 180px\" \/><\/a><\/strong><br \/>\nExtremt tyst. Kontinuerlig dimma utan r\u00f6kmoln.<br \/>\nFj\u00e4rrkontroll med timer. G\u00e5r att st\u00e4lla mycket sn\u00e5lt.<br \/>\nSkapar en dimma som inte st\u00f6r p\u00e5 scenen.<br \/>\nDen nya Z 300 Faser anv\u00e4nder sig av vanlig r\u00f6kv\u00e4tska. Otroligt smidigt, en dunk till alla maskiner.<\/p>\n<p>Teknisk Info:<br \/>\n700 W element<br \/>\nKonstant output<br \/>\nVanlig r\u00f6kv\u00e4tska<br \/>\nVariabel volym<br \/>\nThermal-Control\u2122<br \/>\nInbyggd s\u00e4kring: 3.15A<br \/>\nUppv\u00e4rmningstid: 4 min<br \/>\n90m\u00b3 \/ min<br \/>\nFj\u00e4rkontroll ing\u00e5r<br \/>\nTank: 1.3 liter<br \/>\nM\u00e5tt: 525 x 207 x 173 mm<br \/>\nVikt: 9 kg<\/p>\n<p>\u2022 <strong>R\u00f6kmaskin Mini<\/strong> 2 st<br \/>\n<a href=\"https:\/\/hagamusikochmedia.se\/wp-content\/uploads\/2014\/01\/EUROLITE-N-10-Smoke-machine.jpg\"><img loading=\"lazy\" decoding=\"async\" class=\"alignnone  wp-image-101\" alt=\"OLYMPUS DIGITAL CAMERA\" src=\"https:\/\/hagamusikochmedia.se\/wp-content\/uploads\/2014\/01\/EUROLITE-N-10-Smoke-machine-300x225.jpg\" width=\"180\" height=\"135\" srcset=\"https:\/\/hagamusikochmedia.se\/wp-content\/uploads\/2014\/01\/EUROLITE-N-10-Smoke-machine-300x225.jpg 300w, https:\/\/hagamusikochmedia.se\/wp-content\/uploads\/2014\/01\/EUROLITE-N-10-Smoke-machine-1024x768.jpg 1024w, https:\/\/hagamusikochmedia.se\/wp-content\/uploads\/2014\/01\/EUROLITE-N-10-Smoke-machine.jpg 1600w\" sizes=\"auto, (max-width: 180px) 100vw, 180px\" \/><\/a><br \/>\n\u2022 <strong>R\u00f6kv\u00e4tska 5L Extrem<\/strong> 1 st<\/td>\n<td width=\"75\"><\/td>\n<td width=\"75\"><\/td>\n<td width=\"75\"><\/td>\n<td width=\"75\"><\/td>\n<\/tr>\n<tr valign=\"top\">\n<td width=\"245\" height=\"13\"><\/td>\n<td width=\"75\"><\/td>\n<td width=\"75\"><\/td>\n<td width=\"75\"><\/td>\n<td width=\"75\"><\/td>\n<\/tr>\n<tr valign=\"top\">\n<td width=\"245\" height=\"13\"><\/td>\n<td width=\"75\"><\/td>\n<td width=\"75\"><\/td>\n<td width=\"75\"><\/td>\n<td width=\"75\"><\/td>\n<\/tr>\n<tr valign=\"top\">\n<td width=\"245\" height=\"13\"><\/td>\n<td width=\"75\">1 set<\/td>\n<td width=\"75\">2 set<\/td>\n<td width=\"75\"><\/td>\n<td width=\"75\"><\/td>\n<\/tr>\n<tr valign=\"top\">\n<td width=\"245\" height=\"13\">4 st <strong>PAR 56 300W p\u00e5 T-bar<\/strong> stativ med dimmer<br \/>\n<a href=\"http:\/\/events.xn--teambck-9wa.se\/wp-content\/uploads\/2013\/11\/ljus-par56-short_1.png\"><img loading=\"lazy\" decoding=\"async\" class=\"alignnone  wp-image-120\" alt=\"ljus-par56-short_1\" src=\"http:\/\/events.xn--teambck-9wa.se\/wp-content\/uploads\/2013\/11\/ljus-par56-short_1-300x225.png\" width=\"168\" height=\"126\" \/><\/a><\/td>\n<td align=\"right\" width=\"75\">220 kr<\/td>\n<td align=\"right\" width=\"75\">475 kr<\/td>\n<td width=\"75\"><\/td>\n<td width=\"75\"><\/td>\n<\/tr>\n<tr valign=\"top\">\n<td width=\"245\" height=\"13\"><\/td>\n<td width=\"75\"><\/td>\n<td width=\"75\"><\/td>\n<td width=\"75\"><\/td>\n<td width=\"75\"><\/td>\n<\/tr>\n<tr valign=\"top\">\n<td width=\"245\" height=\"13\"><\/td>\n<td width=\"75\">\u00a01 set<\/td>\n<td width=\"75\">\u00a02 set<\/td>\n<td width=\"75\"><\/td>\n<td width=\"75\"><\/td>\n<\/tr>\n<tr valign=\"top\">\n<td width=\"245\" height=\"13\">4 st <strong>PAR 36 LED<\/strong> p\u00e5 T-stativ<br \/>\n<a href=\"http:\/\/events.xn--teambck-9wa.se\/wp-content\/uploads\/2013\/11\/Stairville-LED-PAR-36-Alu-BK_4+stativ.png\"><img loading=\"lazy\" decoding=\"async\" alt=\"Stairville-LED-PAR-36-Alu-BK_4+stativ\" src=\"http:\/\/events.xn--teambck-9wa.se\/wp-content\/uploads\/2013\/11\/Stairville-LED-PAR-36-Alu-BK_4+stativ-208x300.png\" width=\"146\" height=\"210\" \/><\/a><br \/>\n<a href=\"http:\/\/events.xn--teambck-9wa.se\/wp-content\/uploads\/2013\/11\/Stairville-LED-PAR-36-Alu-BK.png\"><img loading=\"lazy\" decoding=\"async\" alt=\"Stairville-LED-PAR-36-Alu-BK\" src=\"http:\/\/events.xn--teambck-9wa.se\/wp-content\/uploads\/2013\/11\/Stairville-LED-PAR-36-Alu-BK-300x252.png\" width=\"108\" height=\"91\" \/><\/a><\/td>\n<td align=\"right\" width=\"75\">170 kr<\/td>\n<td align=\"right\" width=\"75\">300 kr<\/td>\n<td width=\"75\"><\/td>\n<td width=\"75\"><\/td>\n<\/tr>\n<tr valign=\"top\">\n<td width=\"245\" height=\"13\"><\/td>\n<td width=\"75\"><\/td>\n<td width=\"75\"><\/td>\n<td width=\"75\"><\/td>\n<td width=\"75\"><\/td>\n<\/tr>\n<tr valign=\"top\">\n<td width=\"245\" height=\"13\"><\/td>\n<td width=\"75\">1 set<\/td>\n<td width=\"75\">2 set<\/td>\n<td width=\"75\"><\/td>\n<td width=\"75\"><\/td>\n<\/tr>\n<tr valign=\"top\">\n<td width=\"245\" height=\"39\">4 st <strong>PAR 16<\/strong> med GU16 sockel f\u00f6r LED eller halogen lampor.\u00a0P\u00e5 T-stativ.<br \/>\n<a href=\"http:\/\/events.xn--teambck-9wa.se\/wp-content\/uploads\/2013\/11\/Stairville-PAR-16-GU10-black-4x.png\"><img loading=\"lazy\" decoding=\"async\" class=\"alignnone  wp-image-123\" alt=\"Stairville-PAR-16-GU10-black-4x\" src=\"http:\/\/events.xn--teambck-9wa.se\/wp-content\/uploads\/2013\/11\/Stairville-PAR-16-GU10-black-4x-300x133.png\" width=\"240\" height=\"106\" \/><\/a><\/td>\n<td align=\"right\" width=\"75\">220 kr<\/td>\n<td align=\"right\" width=\"75\">475 kr<\/td>\n<td width=\"75\"><\/td>\n<td width=\"75\"><\/td>\n<\/tr>\n<tr valign=\"top\">\n<td width=\"245\" height=\"13\"><\/td>\n<td width=\"75\"><\/td>\n<td width=\"75\"><\/td>\n<td width=\"75\"><\/td>\n<td width=\"75\"><\/td>\n<\/tr>\n<tr>\n<td width=\"245\" height=\"13\"><\/td>\n<td width=\"75\">1 st<\/td>\n<td width=\"75\"><\/td>\n<td width=\"75\"><\/td>\n<td width=\"75\"><\/td>\n<\/tr>\n<tr valign=\"top\">\n<td width=\"245\" height=\"13\"><strong>Ljusbord<\/strong> Behringer LC2412 Eurolight<br \/>\nProfessionell 24 kanals DMX ljussmixer.<br \/>\n<a href=\"http:\/\/events.xn--teambck-9wa.se\/wp-content\/uploads\/2013\/11\/Behringer-LC2412-Eurolight.png\"><img loading=\"lazy\" decoding=\"async\" class=\"alignnone size-medium wp-image-124\" alt=\"Behringer-LC2412-Eurolight\" src=\"http:\/\/events.xn--teambck-9wa.se\/wp-content\/uploads\/2013\/11\/Behringer-LC2412-Eurolight-300x197.png\" width=\"300\" height=\"197\" \/><\/a><br \/>\n19&#8243; rack mounting.<br \/>\nDimensioner: 106 x 442 x 278mm (HxBxD).<br \/>\nVikt 3.8kg<\/td>\n<td align=\"right\" width=\"75\">250 kr<\/td>\n<td width=\"75\"><\/td>\n<td width=\"75\"><\/td>\n<td width=\"75\"><\/td>\n<\/tr>\n<tr valign=\"top\">\n<td width=\"245\" height=\"13\"><\/td>\n<td width=\"75\"><\/td>\n<td width=\"75\"><\/td>\n<td width=\"75\"><\/td>\n<td width=\"75\"><\/td>\n<\/tr>\n<\/tbody>\n<\/table>\n<p>I hyran ing\u00e5r det kablage som beh\u00f6vs f\u00f6r ihopkoppling.<br \/>\nHyrespriserna g\u00e4ller f\u00f6r 1 dygn d\u00e4r ni sj\u00e4lva ombes\u00f6rjer h\u00e4mtning och \u00e5terl\u00e4mning.<br \/>\nVid l\u00e4ngre tids hyra ges 15% rabatt f\u00f6r dygn 2 och 25% f\u00f6r dygn 3 p\u00e5 1 dygnspriset.<br \/>\nTransport, riggning, tekniker mm. kan ordnas f\u00f6r kostnad enligt <a title=\"Leverans\" href=\"https:\/\/hagamusikochmedia.se\/?page_id=64\" target=\"_blank\">prislistan<\/a> eller \u00f6verenskommelse.<\/p>\n<p><em>Alla priser \u00e4r exkl. moms. och g\u00e4ller n\u00e4r du sj\u00e4lv ombes\u00f6rjer h\u00e4mtning och \u00e5terl\u00e4mning.<\/em><\/p>\n","protected":false},"excerpt":{"rendered":"<p>1 st 2 st 3 st 4 st Headbanger 10 LED Moving Head (5 st) 125 kr 260 kr 450 kr 480 kr \u2022 LED-Matrix 1 st 256 DMX-Kanaler! En ny och innovativ ljuseffekt fr\u00e5n JB Systems. Har en \u201dv\u00e4gg\u201d med 256 high power LED, 64 vita, 64 gr\u00f6na, 64 r\u00f6da, 64 bl\u00e5a. Dessa kan &hellip; <a href=\"https:\/\/hagamusikochmedia.se\/?page_id=54\" class=\"more-link\">Forts\u00e4tt l\u00e4sa <span class=\"screen-reader-text\">Ljus<\/span> <span class=\"meta-nav\">&rarr;<\/span><\/a><\/p>\n","protected":false},"author":1,"featured_media":0,"parent":29,"menu_order":2,"comment_status":"closed","ping_status":"closed","template":"","meta":{"footnotes":""},"class_list":["post-54","page","type-page","status-publish","hentry"],"_links":{"self":[{"href":"https:\/\/hagamusikochmedia.se\/index.php?rest_route=\/wp\/v2\/pages\/54","targetHints":{"allow":["GET"]}}],"collection":[{"href":"https:\/\/hagamusikochmedia.se\/index.php?rest_route=\/wp\/v2\/pages"}],"about":[{"href":"https:\/\/hagamusikochmedia.se\/index.php?rest_route=\/wp\/v2\/types\/page"}],"author":[{"embeddable":true,"href":"https:\/\/hagamusikochmedia.se\/index.php?rest_route=\/wp\/v2\/users\/1"}],"replies":[{"embeddable":true,"href":"https:\/\/hagamusikochmedia.se\/index.php?rest_route=%2Fwp%2Fv2%2Fcomments&post=54"}],"version-history":[{"count":14,"href":"https:\/\/hagamusikochmedia.se\/index.php?rest_route=\/wp\/v2\/pages\/54\/revisions"}],"predecessor-version":[{"id":107,"href":"https:\/\/hagamusikochmedia.se\/index.php?rest_route=\/wp\/v2\/pages\/54\/revisions\/107"}],"up":[{"embeddable":true,"href":"https:\/\/hagamusikochmedia.se\/index.php?rest_route=\/wp\/v2\/pages\/29"}],"wp:attachment":[{"href":"https:\/\/hagamusikochmedia.se\/index.php?rest_route=%2Fwp%2Fv2%2Fmedia&parent=54"}],"curies":[{"name":"wp","href":"https:\/\/api.w.org\/{rel}","templated":true}]}}