{"id":56,"date":"2014-01-03T17:16:04","date_gmt":"2014-01-03T17:16:04","guid":{"rendered":"http:\/\/hagamusikochmedia.se\/?page_id=56"},"modified":"2014-01-03T17:16:04","modified_gmt":"2014-01-03T17:16:04","slug":"backline","status":"publish","type":"page","link":"https:\/\/hagamusikochmedia.se\/?page_id=56","title":{"rendered":"Backline"},"content":{"rendered":"<h4>Ljud<\/h4>\n<table width=\"545\" border=\"0\" cellspacing=\"0\" cellpadding=\"0\"><!--StartFragment--> <\/p>\n<colgroup>\n<col width=\"245\" \/>\n<col span=\"4\" width=\"75\" \/> <\/colgroup>\n<tbody>\n<tr valign=\"top\">\n<td width=\"245\" height=\"13\"><\/td>\n<td width=\"75\">1 set<\/td>\n<td width=\"75\">2 set<\/td>\n<td width=\"75\"><\/td>\n<td width=\"75\"><\/td>\n<\/tr>\n<tr valign=\"top\">\n<td width=\"245\" height=\"13\"><strong>BK-Audio GX-15 <\/strong>Aktivt PA<br \/>\n<a href=\"http:\/\/events.xn--teambck-9wa.se\/?page_id=35\"><img loading=\"lazy\" decoding=\"async\" alt=\"pa-bk-GX15_whiteBG\" src=\"http:\/\/events.xn--teambck-9wa.se\/wp-content\/uploads\/2013\/11\/pa-bk-GX15_whiteBG-150x150.png\" width=\"150\" height=\"150\" \/><\/a><\/td>\n<td align=\"right\" width=\"75\">550 kr<\/td>\n<td align=\"right\" width=\"75\">900 kr<\/td>\n<td width=\"75\"><\/td>\n<td width=\"75\"><\/td>\n<\/tr>\n<tr valign=\"top\">\n<td width=\"245\" height=\"13\"><\/td>\n<td width=\"75\"><\/td>\n<td width=\"75\"><\/td>\n<td width=\"75\"><\/td>\n<td width=\"75\"><\/td>\n<\/tr>\n<tr valign=\"top\">\n<td width=\"245\" height=\"13\"><\/td>\n<td width=\"75\">1 st<\/td>\n<td width=\"75\">2 st<\/td>\n<td width=\"75\"><\/td>\n<td width=\"75\"><\/td>\n<\/tr>\n<tr valign=\"top\">\n<td width=\"245\" height=\"13\"><strong>BK-Audio CT-12 MA <\/strong>Aktiv monitor<br \/>\n<a href=\"http:\/\/events.xn--teambck-9wa.se\/?page_id=40\"><img loading=\"lazy\" decoding=\"async\" class=\"alignnone  wp-image-46\" alt=\"monitor-bk-CT-12MA_b400\" src=\"http:\/\/events.xn--teambck-9wa.se\/wp-content\/uploads\/2013\/11\/monitor-bk-CT-12MA_b400-150x150.png\" width=\"90\" height=\"90\" \/><\/a><\/td>\n<td align=\"right\" width=\"75\">125 kr<\/td>\n<td align=\"right\" width=\"75\">200 kr<\/td>\n<td width=\"75\"><\/td>\n<td width=\"75\"><\/td>\n<\/tr>\n<tr>\n<td width=\"245\" height=\"13\"><\/td>\n<td width=\"75\"><\/td>\n<td width=\"75\"><\/td>\n<td width=\"75\"><\/td>\n<td width=\"75\"><\/td>\n<\/tr>\n<tr valign=\"top\">\n<td width=\"245\" height=\"13\"><\/td>\n<td width=\"75\">1 st<\/td>\n<td width=\"75\">2 st<\/td>\n<td width=\"75\">3 st<\/td>\n<td width=\"75\">4 st<\/td>\n<\/tr>\n<tr valign=\"top\">\n<td width=\"245\" height=\"13\"><strong>BK-Audio BIG 8 <\/strong>Aktiv monitor<br \/>\n<a href=\"http:\/\/events.xn--teambck-9wa.se\/?page_id=37\"><img loading=\"lazy\" decoding=\"async\" class=\"alignnone  wp-image-45\" alt=\"monitor-bk-BIG8_b350\" src=\"http:\/\/events.xn--teambck-9wa.se\/wp-content\/uploads\/2013\/11\/monitor-bk-BIG8_b350-150x150.png\" width=\"90\" height=\"90\" \/><\/a><\/td>\n<td align=\"right\" width=\"75\">90 kr<\/td>\n<td align=\"right\" width=\"75\">150 kr<\/td>\n<td align=\"right\" width=\"75\">190 kr<\/td>\n<td align=\"right\" width=\"75\">250 kr<\/td>\n<\/tr>\n<p><!--EndFragment--><\/tbody>\n<\/table>\n<h4>Ljus<\/h4>\n<table width=\"545\" border=\"0\" cellspacing=\"0\" cellpadding=\"0\"><!--StartFragment--> <\/p>\n<colgroup>\n<col width=\"245\" \/>\n<col span=\"4\" width=\"75\" \/> <\/colgroup>\n<tbody>\n<tr>\n<td width=\"245\" height=\"13\"><\/td>\n<td width=\"75\">1 st<\/td>\n<td width=\"75\">2 st<\/td>\n<td width=\"75\">3 st<\/td>\n<td width=\"75\">4 st<\/td>\n<\/tr>\n<tr valign=\"top\">\n<td width=\"245\" height=\"13\"><strong>Headbanger 10 LED<\/strong> Moving Head<br \/>\n<a href=\"http:\/\/events.xn--teambck-9wa.se\/wp-content\/uploads\/2013\/11\/stagg-head-banger-stagg-sli-mhw-hb10-0.jpg\"><img loading=\"lazy\" decoding=\"async\" class=\"alignnone  wp-image-117\" alt=\"stagg-head-banger-stagg-sli-mhw-hb10-0\" src=\"http:\/\/events.xn--teambck-9wa.se\/wp-content\/uploads\/2013\/11\/stagg-head-banger-stagg-sli-mhw-hb10-0-300x300.jpg\" width=\"180\" height=\"180\" \/><\/a><\/td>\n<td align=\"right\" width=\"75\">125 kr<\/td>\n<td align=\"right\" width=\"75\">260 kr<\/td>\n<td align=\"right\" width=\"75\">450 kr<\/td>\n<td align=\"right\" width=\"75\">480 kr<\/td>\n<\/tr>\n<tr valign=\"top\">\n<td width=\"245\" height=\"13\"><\/td>\n<td width=\"75\"><\/td>\n<td width=\"75\"><\/td>\n<td width=\"75\"><\/td>\n<td width=\"75\"><\/td>\n<\/tr>\n<tr valign=\"top\">\n<td width=\"245\" height=\"13\"><\/td>\n<td width=\"75\">1 set<\/td>\n<td width=\"75\">2 set<\/td>\n<td width=\"75\"><\/td>\n<td width=\"75\"><\/td>\n<\/tr>\n<tr valign=\"top\">\n<td width=\"245\" height=\"13\">4 st PAR 56 300W p\u00e5 T-bar stativ med dimmer<br \/>\n<a href=\"http:\/\/events.xn--teambck-9wa.se\/wp-content\/uploads\/2013\/11\/ljus-par56-short_1.png\"><img loading=\"lazy\" decoding=\"async\" class=\"alignnone  wp-image-120\" alt=\"ljus-par56-short_1\" src=\"http:\/\/events.xn--teambck-9wa.se\/wp-content\/uploads\/2013\/11\/ljus-par56-short_1-300x225.png\" width=\"168\" height=\"126\" \/><\/a><\/td>\n<td align=\"right\" width=\"75\">220 kr<\/td>\n<td align=\"right\" width=\"75\">475 kr<\/td>\n<td width=\"75\"><\/td>\n<td width=\"75\"><\/td>\n<\/tr>\n<tr valign=\"top\">\n<td width=\"245\" height=\"13\"><\/td>\n<td width=\"75\"><\/td>\n<td width=\"75\"><\/td>\n<td width=\"75\"><\/td>\n<td width=\"75\"><\/td>\n<\/tr>\n<tr valign=\"top\">\n<td width=\"245\" height=\"13\"><\/td>\n<td width=\"75\">\u00a01 set<\/td>\n<td width=\"75\">\u00a02 set<\/td>\n<td width=\"75\"><\/td>\n<td width=\"75\"><\/td>\n<\/tr>\n<tr valign=\"top\">\n<td width=\"245\" height=\"13\">4 st PAR 36 LED p\u00e5 T-stativ<br \/>\n<a href=\"http:\/\/events.xn--teambck-9wa.se\/wp-content\/uploads\/2013\/11\/Stairville-LED-PAR-36-Alu-BK_4+stativ.png\"><img loading=\"lazy\" decoding=\"async\" alt=\"Stairville-LED-PAR-36-Alu-BK_4+stativ\" src=\"http:\/\/events.xn--teambck-9wa.se\/wp-content\/uploads\/2013\/11\/Stairville-LED-PAR-36-Alu-BK_4+stativ-208x300.png\" width=\"146\" height=\"210\" \/><\/a><br \/>\n<a href=\"http:\/\/events.xn--teambck-9wa.se\/wp-content\/uploads\/2013\/11\/Stairville-LED-PAR-36-Alu-BK.png\"><img loading=\"lazy\" decoding=\"async\" alt=\"Stairville-LED-PAR-36-Alu-BK\" src=\"http:\/\/events.xn--teambck-9wa.se\/wp-content\/uploads\/2013\/11\/Stairville-LED-PAR-36-Alu-BK-300x252.png\" width=\"108\" height=\"91\" \/><\/a><\/td>\n<td align=\"right\" width=\"75\">170 kr<\/td>\n<td align=\"right\" width=\"75\">300 kr<\/td>\n<td width=\"75\"><\/td>\n<td width=\"75\"><\/td>\n<\/tr>\n<tr valign=\"top\">\n<td width=\"245\" height=\"13\"><\/td>\n<td width=\"75\"><\/td>\n<td width=\"75\"><\/td>\n<td width=\"75\"><\/td>\n<td width=\"75\"><\/td>\n<\/tr>\n<tr valign=\"top\">\n<td width=\"245\" height=\"13\"><\/td>\n<td width=\"75\">1 set<\/td>\n<td width=\"75\">2 set<\/td>\n<td width=\"75\"><\/td>\n<td width=\"75\"><\/td>\n<\/tr>\n<tr valign=\"top\">\n<td width=\"245\" height=\"39\">4 st PAR 16 med GU16 sockel f\u00f6r LED eller halogen lampor.\u00a0P\u00e5 T-stativ.<br \/>\n<a href=\"http:\/\/events.xn--teambck-9wa.se\/wp-content\/uploads\/2013\/11\/Stairville-PAR-16-GU10-black-4x.png\"><img loading=\"lazy\" decoding=\"async\" class=\"alignnone  wp-image-123\" alt=\"Stairville-PAR-16-GU10-black-4x\" src=\"http:\/\/events.xn--teambck-9wa.se\/wp-content\/uploads\/2013\/11\/Stairville-PAR-16-GU10-black-4x-300x133.png\" width=\"240\" height=\"106\" \/><\/a><\/td>\n<td align=\"right\" width=\"75\">220 kr<\/td>\n<td align=\"right\" width=\"75\">475 kr<\/td>\n<td width=\"75\"><\/td>\n<td width=\"75\"><\/td>\n<\/tr>\n<tr valign=\"top\">\n<td width=\"245\" height=\"13\"><\/td>\n<td width=\"75\"><\/td>\n<td width=\"75\"><\/td>\n<td width=\"75\"><\/td>\n<td width=\"75\"><\/td>\n<\/tr>\n<tr>\n<td width=\"245\" height=\"13\"><\/td>\n<td width=\"75\">1 st<\/td>\n<td width=\"75\"><\/td>\n<td width=\"75\"><\/td>\n<td width=\"75\"><\/td>\n<\/tr>\n<tr valign=\"top\">\n<td width=\"245\" height=\"13\">Ljusbord Behringer LC2412 Eurolight<br \/>\nProfessionell 24 kanals DMX ljussmixer.<br \/>\n<a href=\"http:\/\/events.xn--teambck-9wa.se\/wp-content\/uploads\/2013\/11\/Behringer-LC2412-Eurolight.png\"><img loading=\"lazy\" decoding=\"async\" class=\"alignnone size-medium wp-image-124\" alt=\"Behringer-LC2412-Eurolight\" src=\"http:\/\/events.xn--teambck-9wa.se\/wp-content\/uploads\/2013\/11\/Behringer-LC2412-Eurolight-300x197.png\" width=\"300\" height=\"197\" \/><\/a><br \/>\n19&#8243; rack mounting.<br \/>\nDimensioner: 106 x 442 x 278mm (HxBxD).<br \/>\nVikt 3.8kg<\/td>\n<td align=\"right\" width=\"75\">250 kr<\/td>\n<td width=\"75\"><\/td>\n<td width=\"75\"><\/td>\n<td width=\"75\"><\/td>\n<\/tr>\n<tr valign=\"top\">\n<td width=\"245\" height=\"13\"><\/td>\n<td width=\"75\"><\/td>\n<td width=\"75\"><\/td>\n<td width=\"75\"><\/td>\n<td width=\"75\"><\/td>\n<\/tr>\n<\/tbody>\n<\/table>\n<p>I hyran ing\u00e5r allt kablage som beh\u00f6vs f\u00f6r ihopkoppling.<br \/>\nHyrespriserna g\u00e4ller f\u00f6r 1 dygn d\u00e4r ni sj\u00e4lva ombes\u00f6rjer h\u00e4mtning och \u00e5terl\u00e4mmning.<br \/>\nVid l\u00e4ngre tids hyra ges 15% rabatt f\u00f6r dygn 2 och 25% f\u00f6r dygn 3 p\u00e5 1 dygnspriset.<br \/>\nTransport, riggning, tekniker mm. kan ordnas f\u00f6r pris enligt \u00f6verenskommelse<\/p>\n<p><em>Alla priser \u00e4r exkl. moms.<\/em><\/p>\n","protected":false},"excerpt":{"rendered":"<p>Ljud 1 set 2 set BK-Audio GX-15 Aktivt PA 550 kr 900 kr 1 st 2 st BK-Audio CT-12 MA Aktiv monitor 125 kr 200 kr 1 st 2 st 3 st 4 st BK-Audio BIG 8 Aktiv monitor 90 kr 150 kr 190 kr 250 kr Ljus 1 st 2 st 3 st 4 &hellip; <a href=\"https:\/\/hagamusikochmedia.se\/?page_id=56\" class=\"more-link\">Forts\u00e4tt l\u00e4sa <span class=\"screen-reader-text\">Backline<\/span> <span class=\"meta-nav\">&rarr;<\/span><\/a><\/p>\n","protected":false},"author":1,"featured_media":0,"parent":29,"menu_order":3,"comment_status":"closed","ping_status":"closed","template":"","meta":{"footnotes":""},"class_list":["post-56","page","type-page","status-publish","hentry"],"_links":{"self":[{"href":"https:\/\/hagamusikochmedia.se\/index.php?rest_route=\/wp\/v2\/pages\/56","targetHints":{"allow":["GET"]}}],"collection":[{"href":"https:\/\/hagamusikochmedia.se\/index.php?rest_route=\/wp\/v2\/pages"}],"about":[{"href":"https:\/\/hagamusikochmedia.se\/index.php?rest_route=\/wp\/v2\/types\/page"}],"author":[{"embeddable":true,"href":"https:\/\/hagamusikochmedia.se\/index.php?rest_route=\/wp\/v2\/users\/1"}],"replies":[{"embeddable":true,"href":"https:\/\/hagamusikochmedia.se\/index.php?rest_route=%2Fwp%2Fv2%2Fcomments&post=56"}],"version-history":[{"count":1,"href":"https:\/\/hagamusikochmedia.se\/index.php?rest_route=\/wp\/v2\/pages\/56\/revisions"}],"predecessor-version":[{"id":57,"href":"https:\/\/hagamusikochmedia.se\/index.php?rest_route=\/wp\/v2\/pages\/56\/revisions\/57"}],"up":[{"embeddable":true,"href":"https:\/\/hagamusikochmedia.se\/index.php?rest_route=\/wp\/v2\/pages\/29"}],"wp:attachment":[{"href":"https:\/\/hagamusikochmedia.se\/index.php?rest_route=%2Fwp%2Fv2%2Fmedia&parent=56"}],"curies":[{"name":"wp","href":"https:\/\/api.w.org\/{rel}","templated":true}]}}