{"id":64,"date":"2014-01-03T22:43:15","date_gmt":"2014-01-03T22:43:15","guid":{"rendered":"http:\/\/hagamusikochmedia.se\/?page_id=64"},"modified":"2014-01-03T22:43:15","modified_gmt":"2014-01-03T22:43:15","slug":"leverans","status":"publish","type":"page","link":"https:\/\/hagamusikochmedia.se\/?page_id=64","title":{"rendered":"Leverans"},"content":{"rendered":"<blockquote><p>Utk\u00f6rning, h\u00e4mtning, inkoppling och teknikerhj\u00e4lp g\u00e5r att ordna vid uthyrning.<\/p><\/blockquote>\n<h4>Du h\u00e4mtar<\/h4>\n<p>Du h\u00e4mtar sj\u00e4lv, kopplar ihop, sk\u00f6ter teknik och \u00e5terl\u00e4mnar enligt \u00f6verenskommen tid och plats.<br \/>\nPris: 0 kr<br \/>\nDu f\u00e5r de instruktioner du \u00f6nskar vi h\u00e4mtning<\/p>\n<h4>Utk\u00f6rning<\/h4>\n<p>Pris: 300 kr<br \/>\nDu ombes\u00f6rjer att det finns n\u00e5gon\/n\u00e5gra som hj\u00e4lper till att lasta ur och b\u00e4ra utrustningen.<\/p>\n<h4>H\u00e4mtning<\/h4>\n<p>Pris: 300 kr<br \/>\nDu ombes\u00f6rjer att det finns n\u00e5gon\/n\u00e5gra som hj\u00e4lper till att b\u00e4ra och lasta i utrustningen.<\/p>\n<h4>Utk\u00f6rning och h\u00e4mtning<\/h4>\n<p>Pris: 500 kr<br \/>\nDu ombes\u00f6rjer att det finns n\u00e5gon\/n\u00e5gra som hj\u00e4lper till att b\u00e4ra och lasta utrustningen vid b\u00e5de leverans och h\u00e4mtning.<\/p>\n<h4>Riggning och funktionscheck<\/h4>\n<p>Du f\u00e5r hj\u00e4lp att koppla ihop allting och vi ser till att allt fungerar som det skall.<br \/>\nHar du \u00e4ven bokat h\u00e4mtning f\u00e5r du hj\u00e4lp att riva och plocka ned all utrustning.<br \/>\nPris: 600 kr<br \/>\nDu ombes\u00f6rjer att det finns n\u00e5gon\/n\u00e5gra som hj\u00e4lper till att b\u00e4ra och lasta utrustningen vid b\u00e5de leverans och h\u00e4mtning.<\/p>\n<h4>Utk\u00f6rning, h\u00e4mtning, riggning, rivning och roddning<\/h4>\n<p>\u2022 Utk\u00f6rning<br \/>\n\u2022 Inlastning fr\u00e5n transportfordon till platsen<br \/>\n\u2022 Uppkoppling<br \/>\n\u2022 Funktionscheck<br \/>\n\u2022 Telefonsupport<br \/>\n\u2022 H\u00e4mtning<br \/>\n\u2022 Nedkoppling<br \/>\n\u2022 Utlasning fr\u00e5n plats till transportfordon<br \/>\nPris: 1200 kr<\/p>\n<h4>Tekniker p\u00e5 plats<\/h4>\n<p>\u00d6nskas tekniker f\u00f6r att sk\u00f6ta b\u00e5de ljud och ljus kan en och samma person vara tekniker f\u00f6r b\u00e5da uppgifterna.<br \/>\nPris: 600 kr\/h<\/p>\n<h4>Sl\u00e4p eller mindre lastbil<\/h4>\n<p>Vid hyra av det stora paketet med b\u00e5de ljud, ljus och backline tillkommer kostnad f\u00f6r sl\u00e4pvagn eller mindre lastbil.<br \/>\nPris: 350 kr\/dygn<\/p>\n<p>&nbsp;<\/p>\n<p><em>Alla priser \u00e4r exkl. moms. och riktpriser som kan f\u00f6rhandlas om till &#8221;paketpris&#8221;.<\/em><\/p>\n","protected":false},"excerpt":{"rendered":"<p>Utk\u00f6rning, h\u00e4mtning, inkoppling och teknikerhj\u00e4lp g\u00e5r att ordna vid uthyrning. Du h\u00e4mtar Du h\u00e4mtar sj\u00e4lv, kopplar ihop, sk\u00f6ter teknik och \u00e5terl\u00e4mnar enligt \u00f6verenskommen tid och plats. Pris: 0 kr Du f\u00e5r de instruktioner du \u00f6nskar vi h\u00e4mtning Utk\u00f6rning Pris: 300 kr Du ombes\u00f6rjer att det finns n\u00e5gon\/n\u00e5gra som hj\u00e4lper till att lasta ur och b\u00e4ra &hellip; <a href=\"https:\/\/hagamusikochmedia.se\/?page_id=64\" class=\"more-link\">Forts\u00e4tt l\u00e4sa <span class=\"screen-reader-text\">Leverans<\/span> <span class=\"meta-nav\">&rarr;<\/span><\/a><\/p>\n","protected":false},"author":1,"featured_media":0,"parent":29,"menu_order":0,"comment_status":"closed","ping_status":"closed","template":"","meta":{"footnotes":""},"class_list":["post-64","page","type-page","status-publish","hentry"],"_links":{"self":[{"href":"https:\/\/hagamusikochmedia.se\/index.php?rest_route=\/wp\/v2\/pages\/64","targetHints":{"allow":["GET"]}}],"collection":[{"href":"https:\/\/hagamusikochmedia.se\/index.php?rest_route=\/wp\/v2\/pages"}],"about":[{"href":"https:\/\/hagamusikochmedia.se\/index.php?rest_route=\/wp\/v2\/types\/page"}],"author":[{"embeddable":true,"href":"https:\/\/hagamusikochmedia.se\/index.php?rest_route=\/wp\/v2\/users\/1"}],"replies":[{"embeddable":true,"href":"https:\/\/hagamusikochmedia.se\/index.php?rest_route=%2Fwp%2Fv2%2Fcomments&post=64"}],"version-history":[{"count":1,"href":"https:\/\/hagamusikochmedia.se\/index.php?rest_route=\/wp\/v2\/pages\/64\/revisions"}],"predecessor-version":[{"id":73,"href":"https:\/\/hagamusikochmedia.se\/index.php?rest_route=\/wp\/v2\/pages\/64\/revisions\/73"}],"up":[{"embeddable":true,"href":"https:\/\/hagamusikochmedia.se\/index.php?rest_route=\/wp\/v2\/pages\/29"}],"wp:attachment":[{"href":"https:\/\/hagamusikochmedia.se\/index.php?rest_route=%2Fwp%2Fv2%2Fmedia&parent=64"}],"curies":[{"name":"wp","href":"https:\/\/api.w.org\/{rel}","templated":true}]}}